{"id":2107,"date":"2018-06-09T13:05:13","date_gmt":"2018-06-09T11:05:13","guid":{"rendered":"https:\/\/www.hispasolrenovables.com\/?page_id=2107"},"modified":"2018-12-15T22:56:55","modified_gmt":"2018-12-15T20:56:55","slug":"apresentacao","status":"publish","type":"page","link":"https:\/\/www.hispasolrenovables.com\/pt-pt\/quem-somos\/apresentacao\/","title":{"rendered":"Apresenta\u00e7\u00e3o"},"content":{"rendered":"<h1 class=\"hispasol\">Apresenta\u00e7\u00e3o<\/h1>\n<p class=\"dropcap\"><strong>Hispasol Renovables<\/strong> nasceu em 2012 dedicando-se \u00e0 implementa\u00e7\u00e3o de parques fotovoltaicos na Europa e no Oriente M\u00e9dio, aproveitando assim a vasta <strong>experi\u00eancia anterior<\/strong> dos seus parceiros com <strong>mais de 30 anos<\/strong> em instala\u00e7\u00f5es el\u00e9tricas de A.T., M.T. e B.T. e trabalho civil. <\/p>\n<p>Destaca-se o compromisso com projetos meio ambientais tais como E.T.A.P., C.R.S.U., E.D.A.R. e instala\u00e7\u00f5es para proteger a avifauna de eletrocuta\u00e7\u00f5es nas redes el\u00e9tricas das \u00c1reas Especiais de Prote\u00e7\u00e3o de Aves. Sobressai o salto qualitativo e quantitativo a partir de 2007 com a constru\u00e7\u00e3o de grandes projetos de parques fotovoltaicos ligados \u00e0 rede em Espanha e a partir de 2010 fazendo o nosso caminho no mercado internacional para a execu\u00e7\u00e3o de parques fotovoltaicos. <\/p>\n<p>Paralelamente em 2013, lan\u00e7amos o departamento de Alternativas na poupan\u00e7a energ\u00e9tica na nossa sede em M\u00e9rida para iniciar solu\u00e7\u00f5es de energia solar em Espanha. Contribuindo assim, para nos especializarmos e tornar-nos <strong>Distribuidores e Consultores<\/strong> de energia solar em Espanha, Portugal e Marrocos, sendo ao dia de hoje a nossa principal atividade. Gra\u00e7as \u00e0 experi\u00eancia adquirida, aconselhamos os nossos clientes em todos os tipos de instala\u00e7\u00f5es de energia solar, realizamos estudos, relat\u00f3rios, c\u00e1lculos e material promocional antes do acordo de colabora\u00e7\u00e3o, al\u00e9m de acompanh\u00e1-los no processo de partida das primeiras instala\u00e7\u00f5es. <\/p>\n<p>Podemos dizer com orgulho que somos atualmente distribuidores oficiais de bombas solares <strong>Nastec e Lorentz<\/strong>, de equipamento fotovoltaico <strong>Schneider-Xantrex e Victron<\/strong>, de variadores de frequ\u00eancia <strong>LSis<\/strong> (novo nome de LG Industrial Systems) de baterias <strong>Midac e Vision<\/strong>, estruturas <strong>Inso e SolarBloc<\/strong>, sistemas inteligentes de autoconsumo Li-Ion <strong>Ampere Energy<\/strong>, inversores de liga\u00e7\u00e3o a rede <strong>Huawei e Kostal<\/strong>, microinversores <strong>BeOn Energy<\/strong> e grupos electrog\u00e9neos e h\u00edbridos de <strong>Grupo Casli<\/strong>. Todas as marcas de reconhecido prest\u00edgio e alta qualidade.<\/p>\n<p>Atualmente somos uma empresa forte, consolidada e com o apoio financeiro capaz de afrontar com total garantia qualquer projeto.<\/p>\n<p>Convido-os a mergulhar na nossa website para descobrir o que podemos fazer por v\u00f3s. FORNECEMOS SOLU\u00c7\u00d5ES SOLARES.<\/p>\n<p><strong>Atentamente, Hermenegildo Manzano<br \/>\nDiretor Geral<\/strong><\/p>\n","protected":false},"excerpt":{"rendered":"<p>Apresenta\u00e7\u00e3o Hispasol Renovables nasceu em 2012 dedicando-se \u00e0 implementa\u00e7\u00e3o de parques fotovoltaicos na Europa e no Oriente M\u00e9dio, aproveitando assim a vasta experi\u00eancia anterior dos seus parceiros com mais de 30 anos em instala\u00e7\u00f5es el\u00e9tricas de A.T., M.T. e B.T. e trabalho civil. Destaca-se o compromisso com projetos meio ambientais tais como E.T.A.P., C.R.S.U., E.D.A.R. [&#8230;]\n","protected":false},"author":2,"featured_media":0,"parent":2104,"menu_order":0,"comment_status":"closed","ping_status":"closed","template":"","meta":{"footnotes":""},"yst_prominent_words":[811,806,805,802,310,301,800,799,809,314,307,808,807,803,810,306,300,311,804,801],"class_list":["post-2107","page","type-page","status-publish","hentry"],"_links":{"self":[{"href":"https:\/\/www.hispasolrenovables.com\/pt-pt\/wp-json\/wp\/v2\/pages\/2107","targetHints":{"allow":["GET"]}}],"collection":[{"href":"https:\/\/www.hispasolrenovables.com\/pt-pt\/wp-json\/wp\/v2\/pages"}],"about":[{"href":"https:\/\/www.hispasolrenovables.com\/pt-pt\/wp-json\/wp\/v2\/types\/page"}],"author":[{"embeddable":true,"href":"https:\/\/www.hispasolrenovables.com\/pt-pt\/wp-json\/wp\/v2\/users\/2"}],"replies":[{"embeddable":true,"href":"https:\/\/www.hispasolrenovables.com\/pt-pt\/wp-json\/wp\/v2\/comments?post=2107"}],"version-history":[{"count":6,"href":"https:\/\/www.hispasolrenovables.com\/pt-pt\/wp-json\/wp\/v2\/pages\/2107\/revisions"}],"predecessor-version":[{"id":2786,"href":"https:\/\/www.hispasolrenovables.com\/pt-pt\/wp-json\/wp\/v2\/pages\/2107\/revisions\/2786"}],"up":[{"embeddable":true,"href":"https:\/\/www.hispasolrenovables.com\/pt-pt\/wp-json\/wp\/v2\/pages\/2104"}],"wp:attachment":[{"href":"https:\/\/www.hispasolrenovables.com\/pt-pt\/wp-json\/wp\/v2\/media?parent=2107"}],"wp:term":[{"taxonomy":"yst_prominent_words","embeddable":true,"href":"https:\/\/www.hispasolrenovables.com\/pt-pt\/wp-json\/wp\/v2\/yst_prominent_words?post=2107"}],"curies":[{"name":"wp","href":"https:\/\/api.w.org\/{rel}","templated":true}]}}