{"id":2114,"date":"2018-06-09T13:14:51","date_gmt":"2018-06-09T11:14:51","guid":{"rendered":"https:\/\/www.hispasolrenovables.com\/?page_id=2114"},"modified":"2018-06-09T13:14:51","modified_gmt":"2018-06-09T11:14:51","slug":"compromissos","status":"publish","type":"page","link":"https:\/\/www.hispasolrenovables.com\/pt-pt\/quem-somos\/compromissos\/","title":{"rendered":"Compromissos"},"content":{"rendered":"<h1 class=\"hispasol\">Compromissos<\/h1>\n<p class=\"dropcap\">Desde os nossos in\u00edcios temos marcados 3 objetivos muito diferenciados mas que t\u00eam o fim comum de alcan\u00e7ar uma melhora na fatura energ\u00e9tica dos nossos clientes, reduzindo ao mesmo tempo a pegada ecol\u00f3gica.<\/p>\n<p>Acreditamos numa forma muito firme em que \u00e9 possivel manter uma atividade respeitadora com o nosso entorno sem que isto suponha um maior desembolso nas invers\u00f5es requeridas para isso.<\/p>\n<p>Estes s\u00e3o os nossos 3 compromissos: <\/p>\n<p><\/p>\n<ol>\n<li>\n<p><strong>Poupan\u00e7a econ\u00f3mica.<\/strong>.Devido \u00e0s continuas subidas da nossa fatura energ\u00e9tica, com cont\u00ednuas subidas nas portagems e a volatilidade dos mercados energ\u00e9ticos tanto no dia a dia como a prazo (OMIE-OMIP), a Alternativa Renov\u00e1vel \u00e9 cada vez mais real, nomeadamente nas atividades que concentram o seu consumo em curtos per\u00edodos de tempo, pecu\u00e1ria, agricultura, agroindustria\u2026<\/p>\n<\/li>\n<li>\n<p><strong>Poupan\u00e7a energ\u00e9tica<\/strong>. A nossa pegada energ\u00e9tica depende tamb\u00e9m de conseguir um consumo mais eficiente da energ\u00eda, pesquisando usos e equipos consumidores que sejam racionais. Atingir este objetivo tamb\u00e9m \u00e9 fundamental para o primeiro, posto que uma reduc\u00e7\u00e3o da demanda implica uns sistemas de gera\u00e7\u00e3o energ\u00e9tica menores.<\/p>\n<\/li>\n<li>\n<p><strong>Respeitar o nosso meio ambente<\/strong>. Isto \u00e9 algo fundamental e uma das nossas raz\u00f5es de ser. N\u00f3s estamos obrigados a reduzir o nosso impacto sobre o entorno e sobre os recursos finitos.<\/p>\n<\/li>\n<\/ol>\n<p>Nossas <strong>Solu\u00e7\u00f5es Solares<\/strong> procuram aproveitar os recursos naturais ao m\u00e1ximo, centrando-nos especialmente na <strong>ENERGIA DO SOL<\/strong>.<\/p>\n","protected":false},"excerpt":{"rendered":"<p>Compromissos Desde os nossos in\u00edcios temos marcados 3 objetivos muito diferenciados mas que t\u00eam o fim comum de alcan\u00e7ar uma melhora na fatura energ\u00e9tica dos nossos clientes, reduzindo ao mesmo tempo a pegada ecol\u00f3gica. Acreditamos numa forma muito firme em que \u00e9 possivel manter uma atividade respeitadora com o nosso entorno sem que isto suponha [&#8230;]\n","protected":false},"author":2,"featured_media":0,"parent":2104,"menu_order":0,"comment_status":"closed","ping_status":"closed","template":"","meta":{"footnotes":""},"yst_prominent_words":[834,806,815,822,805,322,326,818,816,833,813,807,817,826,812,823,821,819,824,814],"class_list":["post-2114","page","type-page","status-publish","hentry"],"_links":{"self":[{"href":"https:\/\/www.hispasolrenovables.com\/pt-pt\/wp-json\/wp\/v2\/pages\/2114","targetHints":{"allow":["GET"]}}],"collection":[{"href":"https:\/\/www.hispasolrenovables.com\/pt-pt\/wp-json\/wp\/v2\/pages"}],"about":[{"href":"https:\/\/www.hispasolrenovables.com\/pt-pt\/wp-json\/wp\/v2\/types\/page"}],"author":[{"embeddable":true,"href":"https:\/\/www.hispasolrenovables.com\/pt-pt\/wp-json\/wp\/v2\/users\/2"}],"replies":[{"embeddable":true,"href":"https:\/\/www.hispasolrenovables.com\/pt-pt\/wp-json\/wp\/v2\/comments?post=2114"}],"version-history":[{"count":2,"href":"https:\/\/www.hispasolrenovables.com\/pt-pt\/wp-json\/wp\/v2\/pages\/2114\/revisions"}],"predecessor-version":[{"id":2116,"href":"https:\/\/www.hispasolrenovables.com\/pt-pt\/wp-json\/wp\/v2\/pages\/2114\/revisions\/2116"}],"up":[{"embeddable":true,"href":"https:\/\/www.hispasolrenovables.com\/pt-pt\/wp-json\/wp\/v2\/pages\/2104"}],"wp:attachment":[{"href":"https:\/\/www.hispasolrenovables.com\/pt-pt\/wp-json\/wp\/v2\/media?parent=2114"}],"wp:term":[{"taxonomy":"yst_prominent_words","embeddable":true,"href":"https:\/\/www.hispasolrenovables.com\/pt-pt\/wp-json\/wp\/v2\/yst_prominent_words?post=2114"}],"curies":[{"name":"wp","href":"https:\/\/api.w.org\/{rel}","templated":true}]}}