{"id":2123,"date":"2018-06-09T13:29:19","date_gmt":"2018-06-09T11:29:19","guid":{"rendered":"https:\/\/www.hispasolrenovables.com\/?page_id=2123"},"modified":"2018-12-08T23:08:55","modified_gmt":"2018-12-08T21:08:55","slug":"solucoes","status":"publish","type":"page","link":"https:\/\/www.hispasolrenovables.com\/pt-pt\/solucoes\/","title":{"rendered":"Solu\u00e7\u00f5es"},"content":{"rendered":"<h1 class=\"hispasol\">SOLU\u00c7\u00d5ES<\/h1>\n<ul class=\"lateral\">\n<li class=\"bullet-arrow\"><a href=\"\/pt-pt\/solucoes\/bombeio-solar\/\" title=\"Bombeio Solar\">Bombeio Solar<\/li>\n<li class=\"bullet-arrow\"><a href=\"\/pt-pt\/solucoes\/fotovoltaica-isolada\/\" title=\"Fotovoltaica Isolada\">Fotovoltaica Isolada<\/a><\/li>\n<li class=\"bullet-arrow\"><a href=\"\/pt-pt\/solucoes\/autoconsumo\/\" title=\"Autoconsumo\">Autoconsumo<\/a><\/li>\n<li class=\"bullet-arrow\"><a href=\"\/pt-pt\/solucoes\/sistemas-hibridos-gassolar\/\" title=\"Sistemas H\u00edbridos (Gas+Solar)\">Sistemas H\u00edbridos (Gas+Solar)<\/a><\/li>\n<li class=\"bullet-arrow\"><a href=\"\/pt-pt\/solucoes\/construcao-parques-fotovoltaicos\/\" title=\"Constru\u00e7\u00e3o de Parques Fotovoltaicos\">Constru\u00e7\u00e3o de Parques Fotovoltaicos<\/a><\/li>\n<\/ul>\n","protected":false},"excerpt":{"rendered":"<p>SOLU\u00c7\u00d5ES Bombeio Solar Fotovoltaica Isolada Autoconsumo Sistemas H\u00edbridos (Gas+Solar) Constru\u00e7\u00e3o de Parques Fotovoltaicos<\/p>\n","protected":false},"author":2,"featured_media":0,"parent":0,"menu_order":0,"comment_status":"closed","ping_status":"closed","template":"","meta":{"footnotes":""},"yst_prominent_words":[],"class_list":["post-2123","page","type-page","status-publish","hentry"],"_links":{"self":[{"href":"https:\/\/www.hispasolrenovables.com\/pt-pt\/wp-json\/wp\/v2\/pages\/2123","targetHints":{"allow":["GET"]}}],"collection":[{"href":"https:\/\/www.hispasolrenovables.com\/pt-pt\/wp-json\/wp\/v2\/pages"}],"about":[{"href":"https:\/\/www.hispasolrenovables.com\/pt-pt\/wp-json\/wp\/v2\/types\/page"}],"author":[{"embeddable":true,"href":"https:\/\/www.hispasolrenovables.com\/pt-pt\/wp-json\/wp\/v2\/users\/2"}],"replies":[{"embeddable":true,"href":"https:\/\/www.hispasolrenovables.com\/pt-pt\/wp-json\/wp\/v2\/comments?post=2123"}],"version-history":[{"count":7,"href":"https:\/\/www.hispasolrenovables.com\/pt-pt\/wp-json\/wp\/v2\/pages\/2123\/revisions"}],"predecessor-version":[{"id":2688,"href":"https:\/\/www.hispasolrenovables.com\/pt-pt\/wp-json\/wp\/v2\/pages\/2123\/revisions\/2688"}],"wp:attachment":[{"href":"https:\/\/www.hispasolrenovables.com\/pt-pt\/wp-json\/wp\/v2\/media?parent=2123"}],"wp:term":[{"taxonomy":"yst_prominent_words","embeddable":true,"href":"https:\/\/www.hispasolrenovables.com\/pt-pt\/wp-json\/wp\/v2\/yst_prominent_words?post=2123"}],"curies":[{"name":"wp","href":"https:\/\/api.w.org\/{rel}","templated":true}]}}