{"id":2127,"date":"2018-06-09T13:40:09","date_gmt":"2018-06-09T11:40:09","guid":{"rendered":"https:\/\/www.hispasolrenovables.com\/?page_id=2127"},"modified":"2018-12-15T23:05:30","modified_gmt":"2018-12-15T21:05:30","slug":"bombeio-solar","status":"publish","type":"page","link":"https:\/\/www.hispasolrenovables.com\/pt-pt\/solucoes\/bombeio-solar\/","title":{"rendered":"Bombeio Solar"},"content":{"rendered":"<div class=\"row row-large\"  id=\"row-997812350\">\n<div class=\"col medium-10 small-12 large-10\"  ><div class=\"col-inner\"  >\n<h1 class=\"hispasol\">Bombeio Solar<\/h1>\n<p><img loading=\"lazy\" decoding=\"async\" width=\"400\" height=\"400\" src=\"https:\/\/www.hispasolrenovables.com\/wp-content\/uploads\/SOLUCION-serviciox-2.png\" alt=\"Bombeio Solar\" class=\"alignright size-full wp-image-1563\" style=\"border-radius:100%; width:200px\" srcset=\"https:\/\/www.hispasolrenovables.com\/wp-content\/uploads\/SOLUCION-serviciox-2.png 400w, https:\/\/www.hispasolrenovables.com\/wp-content\/uploads\/SOLUCION-serviciox-2-300x300.png 300w\" sizes=\"auto, (max-width: 400px) 100vw, 400px\" \/><\/p>\n<p class=\"dropcap\"><strong>Hispasol Renovables<\/strong> prop\u00f5e a voc\u00ea uma alternativa energ\u00e9tica  que se adapta perfeitamente aos seus usos, eliminando a depend\u00eancia dos operadores do mercado el\u00e9trico e que ajudar\u00e1 a manter o seu compromisso com o meio ambiente.<\/p>\n<h3>Vantagens do bombeamento solar:<\/h3>\n<ul>\n<li class=\"bullet-checkmark\">Um custo energ\u00e9tico est\u00e1vel. S\u00f3 precisa de um investimento inicial, logo a energia gerada pela instala\u00e7\u00e3o \u00e9 gr\u00e1tis. Custo controlado.<\/li>\n<li class=\"bullet-checkmark\">Sem quotas pela pot\u00eancia contratada durante um ano.<\/li>\n<li class=\"bullet-checkmark\">R\u00e1pida amortiza\u00e7\u00e3o.<\/li>\n<li class=\"bullet-checkmark\">Independ\u00eancia.<\/li>\n<li class=\"bullet-checkmark\">Compromisso meio ambiental. Sem emiss\u00f5es.<\/li>\n<li class=\"bullet-checkmark\">Contribui a manter altos n\u00edveis de seguran\u00e7a alimentar.<\/li>\n<li class=\"bullet-checkmark\">Custos de manuten\u00e7\u00e3o muito baixos.<\/li>\n<li class=\"bullet-checkmark\">Instala\u00e7\u00e3o simples.<\/li>\n<li class=\"bullet-checkmark\">Sem ru\u00eddos.<\/li>\n<\/ul>\n<h3>Usos<\/h3>\n<p>O bombeamento solar \u00e9 ideal para:<\/p>\n<ul>\n<li>\n<h4>Agricultura.<\/h4>\n<ul>\n<li class=\"bullet-checkmark\">Rega por gota a gota. <\/li>\n<li class=\"bullet-checkmark\">Rega por inunda\u00e7\u00e3o.<\/li>\n<li class=\"bullet-checkmark\">Rega por aspers\u00e3o.<\/li>\n<li class=\"bullet-checkmark\">Enchimento dos dep\u00f3sitos.<\/li>\n<\/ul>\n<\/li>\n<li>\n<h4>Pecu\u00e1ria.<\/h4>\n<ul>\n<li class=\"bullet-checkmark\">Bombeamento da \u00e1gua aos dep\u00f3sitos a\u00e9reos. <\/li>\n<li class=\"bullet-checkmark\">Bombeamento aos bebedouros.<\/li>\n<\/ul>\n<\/li>\n<li>\n<h4>Usos recreativos. Piscina.<\/h4>\n<\/li>\n<\/ul>\n<p>Hispasol Renovables \u00e9 <strong>distribuidor oficial <\/strong> das bombas <strong>NASTEC e LORENTZ<\/strong>e de variadores de frequ\u00eancia <strong>LSis<\/strong> na Espanha e em Portugal.<\/p>\n<p>Se quer saber a potencial poupan\u00e7a com uma bomba solar relativamente \u00e0 utiliza\u00e7\u00e3o do gerador diesel, <a href=\"http:\/\/lorentz.de\/svd\" title=\"Potencial poupan\u00e7a com uma bomba solar relativamente \u00e0 utiliza\u00e7\u00e3o do gerador diesel\" target=\"_blank\">entre aqu\u00ed<\/a>.<\/p>\n<\/div><\/div>\n<div class=\"col medium-2 small-12 large-2\"  ><div class=\"col-inner\"  >\n<h3 class=\"lateral alt-font\">Mais Solu\u00e7\u00f5es<\/h3>\n<ul class=\"lateral\">\n<li class=\"bullet-arrow activa\">Bombeio Solar<\/li>\n<li class=\"bullet-arrow\"><a href=\"\/pt-pt\/solucoes\/fotovoltaica-isolada\/\" title=\"Fotovoltaica Isolada\">Fotovoltaica Isolada<\/a><\/li>\n<li class=\"bullet-arrow\"><a href=\"\/pt-pt\/solucoes\/autoconsumo\/\" title=\"Autoconsumo\">Autoconsumo<\/a><\/li>\n<li class=\"bullet-arrow\"><a href=\"\/pt-pt\/solucoes\/sistemas-hibridos-gassolar\/\" title=\"Sistemas H\u00edbridos (Gas+Solar)\">Sistemas H\u00edbridos (Gas+Solar)<\/a><\/li>\n<li class=\"bullet-arrow menuitemhidden\"><a href=\"\/pt-pt\/solucoes\/solar-termica\/\" title=\"Solar T\u00e9rmica\">Solar T\u00e9rmica<\/a><\/li>\n<li class=\"bullet-arrow\"><a href=\"\/pt-pt\/solucoes\/construcao-parques-fotovoltaicos\/\" title=\"Constru\u00e7\u00e3o de Parques Fotovoltaicos\">Constru\u00e7\u00e3o de Parques Fotovoltaicos<\/a><\/li>\n<\/ul>\n<p><\/p>\n<hr \/>\n<p><\/p>\n<h3 class=\"lateral alt-font\">N\u00f3s Trabalhamos com<\/h3>\n<p><img loading=\"lazy\" decoding=\"async\" src=\"https:\/\/www.hispasolrenovables.com\/wp-content\/uploads\/marcas-bombeo-solar.jpg\" alt=\"N\u00f3s Trabalhamos com\" width=\"270\" height=\"71\" class=\"alignnone size-full wp-image-1854\" \/><\/p>\n<\/div><\/div>\n\n<style scope=\"scope\">\n\n<\/style>\n<\/div>\n","protected":false},"excerpt":{"rendered":"","protected":false},"author":2,"featured_media":1563,"parent":2123,"menu_order":0,"comment_status":"closed","ping_status":"closed","template":"","meta":{"footnotes":""},"yst_prominent_words":[866,863,862,869,868,806,858,856,855,343,340,860,1609,865,344,859,311,824,814,341],"class_list":["post-2127","page","type-page","status-publish","has-post-thumbnail","hentry"],"_links":{"self":[{"href":"https:\/\/www.hispasolrenovables.com\/pt-pt\/wp-json\/wp\/v2\/pages\/2127","targetHints":{"allow":["GET"]}}],"collection":[{"href":"https:\/\/www.hispasolrenovables.com\/pt-pt\/wp-json\/wp\/v2\/pages"}],"about":[{"href":"https:\/\/www.hispasolrenovables.com\/pt-pt\/wp-json\/wp\/v2\/types\/page"}],"author":[{"embeddable":true,"href":"https:\/\/www.hispasolrenovables.com\/pt-pt\/wp-json\/wp\/v2\/users\/2"}],"replies":[{"embeddable":true,"href":"https:\/\/www.hispasolrenovables.com\/pt-pt\/wp-json\/wp\/v2\/comments?post=2127"}],"version-history":[{"count":8,"href":"https:\/\/www.hispasolrenovables.com\/pt-pt\/wp-json\/wp\/v2\/pages\/2127\/revisions"}],"predecessor-version":[{"id":2788,"href":"https:\/\/www.hispasolrenovables.com\/pt-pt\/wp-json\/wp\/v2\/pages\/2127\/revisions\/2788"}],"up":[{"embeddable":true,"href":"https:\/\/www.hispasolrenovables.com\/pt-pt\/wp-json\/wp\/v2\/pages\/2123"}],"wp:featuredmedia":[{"embeddable":true,"href":"https:\/\/www.hispasolrenovables.com\/pt-pt\/wp-json\/wp\/v2\/media\/1563"}],"wp:attachment":[{"href":"https:\/\/www.hispasolrenovables.com\/pt-pt\/wp-json\/wp\/v2\/media?parent=2127"}],"wp:term":[{"taxonomy":"yst_prominent_words","embeddable":true,"href":"https:\/\/www.hispasolrenovables.com\/pt-pt\/wp-json\/wp\/v2\/yst_prominent_words?post=2127"}],"curies":[{"name":"wp","href":"https:\/\/api.w.org\/{rel}","templated":true}]}}