{"id":2138,"date":"2018-06-09T14:13:12","date_gmt":"2018-06-09T12:13:12","guid":{"rendered":"https:\/\/www.hispasolrenovables.com\/?page_id=2138"},"modified":"2018-12-15T23:10:59","modified_gmt":"2018-12-15T21:10:59","slug":"autoconsumo","status":"publish","type":"page","link":"https:\/\/www.hispasolrenovables.com\/pt-pt\/solucoes\/autoconsumo\/","title":{"rendered":"Autoconsumo"},"content":{"rendered":"<div class=\"row row-large\"  id=\"row-1029643720\">\n<div class=\"col medium-10 small-12 large-10\"  ><div class=\"col-inner\"  >\n<h1 class=\"hispasol\">Autoconsumo<\/h1>\n<p><img loading=\"lazy\" decoding=\"async\" width=\"400\" height=\"400\" src=\"https:\/\/www.hispasolrenovables.com\/wp-content\/uploads\/autoconsumo.jpg\" alt=\"Autoconsumo\" class=\"alignright size-full wp-image-1977\" style=\"border-radius:100%; width:200px\" srcset=\"https:\/\/www.hispasolrenovables.com\/wp-content\/uploads\/autoconsumo.jpg 400w, https:\/\/www.hispasolrenovables.com\/wp-content\/uploads\/autoconsumo-300x300.jpg 300w\" sizes=\"auto, (max-width: 400px) 100vw, 400px\" \/><\/p>\n<p class=\"dropcap\">Gerar e consumir o pr\u00f3prio a sua pr\u00f3pria energia nunca foi t\u00e3o f\u00e1cil. Atualmente, existe uma estrutura legislativa que permite a implementa\u00e7\u00e3o de projetos e instala\u00e7\u00f5es vi\u00e1veis de autoconsumo com liga\u00e7\u00e3o a rede, j\u00e1 seja com ou sem armazenamento de energia. Da Hispasol oferecemos aos nossos clientes solu\u00e7\u00f5es <strong>REAIS E VI\u00c1VEIS<\/strong> para as  suas instala\u00e7\u00f5es com conex\u00e3o \u00e0 rede el\u00e9trica. <\/p>\n<p>Temos equipamentos dos principais fabricantes do setor para todos os tipos de autoconsumo fotovoltaico:<\/p>\n<h3>Autoconsumo sem armazenamento de energia<\/h3>\n<p>\u00c9 um sistema de energia solar fotovoltaica instalado em nossa casa ou empresa e interligado com a rede p\u00fablica. Durante o dia, a energia produzida \u00e9 consumida instantaneamente. Se houver algum excedente, bem pode ser injetado na rede el\u00e9trica mesmo quando nenhuma considera\u00e7\u00e3o econ\u00f3mica \u00e9 recebida, o bem pode-se instalar um dispositivo de inje\u00e7\u00e3o zero e tamb\u00e9m evitar pagar pelo estudo do ponto de conex\u00e3o (em Espanha). Quando n\u00e3o h\u00e1 produ\u00e7\u00e3o solar, consumimos eletricidade da rede p\u00fablica<\/p>\n<p>O autoconsumo direto permite-nos poupar na conta de eletricidade e consumir de forma eficiente um recurso renov\u00e1vel e inesgot\u00e1vel. <\/p>\n<p>Temos \u00e0 sua disposi\u00e7\u00e3o microinversores <strong>BeOn Energy<\/strong>, e inversores monof\u00e1sicos e trif\u00e1sicos <strong>Huawei e Kostal<\/strong>. <\/p>\n<h3>Autoconsumo com armazenamento de energia<\/h3>\n<p>\u00c9 uma instala\u00e7\u00e3o fotovoltaica que tem baterias em que acumulamos energia excedente produzida durante as horas de sol. Este sistema permite usar a energia armazenada quando n\u00e3o h\u00e1 radia\u00e7\u00e3o solar suficiente e tamb\u00e9m tem o suporte da rede el\u00e9trica para quando n\u00e3o h\u00e1 energia solar suficiente ou acumula\u00e7\u00e3o nas baterias. <\/p>\n<p>Temos inversores-carregadores de <strong>Schneider e Victron<\/strong>, de 0,5 a 12 kW e inversores h\u00edbridos de <strong>Kostal e Huawei<\/strong>, em baterias temos fabricantes de refer\u00eancia como a <strong>Midac<\/strong> e a <strong>Vision<\/strong>.<\/p>\n<h3>Autoconsumo com gerenciamento inteligente de energia<\/h3>\n<p>Gra\u00e7as \u00e0s novas baterias inteligentes da <strong>Ampere Energy<\/strong>, o autoconsumo da energia solar no dia 24 \u00e9 agora uma realidade ao alcance de todos. Esses sistemas inteligentes usam a previs\u00e3o do tempo, o pre\u00e7o da energia e o perfil do usu\u00e1rio para obter a m\u00e1xima independ\u00eancia energ\u00e9tica. <\/p>\n<p>Entre outras vantagens, destaca-se sua f\u00e1cil instala\u00e7\u00e3o, pois integram todos os elementos em um \u00fanico equipamento (Bateria de Li-ion, inversor fotovoltaico e controlo de equipamento) e incorporam um sistema de back-up que permite n\u00e3o se preocupar com os cortes de fornecimento. Al\u00e9m disso, atrav\u00e9s de AMPi, seu aplicativo, os usu\u00e1rios podem visualizar seu hist\u00f3rico de dados de qualquer dispositivo. <\/p>\n<p>Com a combina\u00e7\u00e3o de produ\u00e7\u00e3o fotovoltaica e um gerenciador inteligente de energia da Ampere Energy, os usu\u00e1rios podem obter o m\u00e1ximo de lucratividade para obter as maiores economias e desfrute de mais conforto em sua casa ou empresa. <\/p>\n<\/div><\/div>\n<div class=\"col medium-2 small-12 large-2\"  ><div class=\"col-inner\"  >\n<h3 class=\"lateral alt-font\">Mais Solu\u00e7\u00f5es<\/h3>\n<ul class=\"lateral\">\n<li class=\"bullet-arrow\"><a href=\"\/pt-pt\/solucoes\/bombeio-solar\/\" title=\"Bombeio Solar\">Bombeio Solar<\/a><\/li>\n<li class=\"bullet-arrow\"><a href=\"\/pt-pt\/solucoes\/fotovoltaica-isolada\/\" title=\"Fotovoltaica Isolada\">Fotovoltaica Isolada<\/a><\/li>\n<li class=\"bullet-arrow activa\">Autoconsumo<\/li>\n<li class=\"bullet-arrow\"><a href=\"\/pt-pt\/solucoes\/sistemas-hibridos-gassolar\/\" title=\"Sistemas H\u00edbridos (Gas+Solar)\">Sistemas H\u00edbridos (Gas+Solar)<\/a><\/li>\n<li class=\"bullet-arrow menuitemhidden\"><a href=\"\/pt-pt\/solucoes\/solar-termica\/\" title=\"Solar T\u00e9rmica\">Solar T\u00e9rmica<\/a><\/li>\n<li class=\"bullet-arrow\"><a href=\"\/pt-pt\/solucoes\/construcao-parques-fotovoltaicos\/\" title=\"Constru\u00e7\u00e3o de Parques Fotovoltaicos\">Constru\u00e7\u00e3o de Parques Fotovoltaicos<\/a><\/li>\n<\/ul>\n<p><\/p>\n<hr \/>\n<p><\/p>\n<h3 class=\"lateral alt-font\">N\u00f3s Trabalhamos com <\/h3>\n<p><img loading=\"lazy\" decoding=\"async\" src=\"https:\/\/www.hispasolrenovables.com\/wp-content\/uploads\/marcas-autoconsumo-dic18.jpg\" alt=\"N\u00f3s Trabalhamos com\" width=\"231\" height=\"344\" class=\"alignnone size-full wp-image-1865\" \/><\/p>\n<\/div><\/div>\n\n<style scope=\"scope\">\n\n<\/style>\n<\/div>\n","protected":false},"excerpt":{"rendered":"","protected":false},"author":2,"featured_media":1977,"parent":2123,"menu_order":0,"comment_status":"closed","ping_status":"closed","template":"","meta":{"footnotes":""},"yst_prominent_words":[897,603,902,912,909,806,910,907,310,301,356,906,913,905,904,899,900,898,896,911],"class_list":["post-2138","page","type-page","status-publish","has-post-thumbnail","hentry"],"_links":{"self":[{"href":"https:\/\/www.hispasolrenovables.com\/pt-pt\/wp-json\/wp\/v2\/pages\/2138","targetHints":{"allow":["GET"]}}],"collection":[{"href":"https:\/\/www.hispasolrenovables.com\/pt-pt\/wp-json\/wp\/v2\/pages"}],"about":[{"href":"https:\/\/www.hispasolrenovables.com\/pt-pt\/wp-json\/wp\/v2\/types\/page"}],"author":[{"embeddable":true,"href":"https:\/\/www.hispasolrenovables.com\/pt-pt\/wp-json\/wp\/v2\/users\/2"}],"replies":[{"embeddable":true,"href":"https:\/\/www.hispasolrenovables.com\/pt-pt\/wp-json\/wp\/v2\/comments?post=2138"}],"version-history":[{"count":8,"href":"https:\/\/www.hispasolrenovables.com\/pt-pt\/wp-json\/wp\/v2\/pages\/2138\/revisions"}],"predecessor-version":[{"id":2789,"href":"https:\/\/www.hispasolrenovables.com\/pt-pt\/wp-json\/wp\/v2\/pages\/2138\/revisions\/2789"}],"up":[{"embeddable":true,"href":"https:\/\/www.hispasolrenovables.com\/pt-pt\/wp-json\/wp\/v2\/pages\/2123"}],"wp:featuredmedia":[{"embeddable":true,"href":"https:\/\/www.hispasolrenovables.com\/pt-pt\/wp-json\/wp\/v2\/media\/1977"}],"wp:attachment":[{"href":"https:\/\/www.hispasolrenovables.com\/pt-pt\/wp-json\/wp\/v2\/media?parent=2138"}],"wp:term":[{"taxonomy":"yst_prominent_words","embeddable":true,"href":"https:\/\/www.hispasolrenovables.com\/pt-pt\/wp-json\/wp\/v2\/yst_prominent_words?post=2138"}],"curies":[{"name":"wp","href":"https:\/\/api.w.org\/{rel}","templated":true}]}}