{"id":2177,"date":"2018-06-09T15:29:48","date_gmt":"2018-06-09T13:29:48","guid":{"rendered":"https:\/\/www.hispasolrenovables.com\/?page_id=2177"},"modified":"2018-12-08T23:29:27","modified_gmt":"2018-12-08T21:29:27","slug":"reguladores-de-carga","status":"publish","type":"page","link":"https:\/\/www.hispasolrenovables.com\/pt-pt\/produtos\/reguladores-de-carga\/","title":{"rendered":"Reguladores de Carga"},"content":{"rendered":"<div class=\"row row-large\"  id=\"row-1403449034\">\n<div class=\"col medium-10 small-12 large-10\"  ><div class=\"col-inner\"  >\n<h1 class=\"hispasol\">Reguladores de Carga<\/h1>\n<p><img loading=\"lazy\" decoding=\"async\" src=\"https:\/\/www.hispasolrenovables.com\/wp-content\/uploads\/victron-regulador-carga.jpg\" alt=\"Reguladores de carga\" width=\"528\" height=\"210\" class=\"alignright size-full wp-image-1585\" \/><\/p>\n<p class=\"dropcap\">Em instala\u00e7\u00f5es que incluem baterias, os reguladores de carga gerenciam a energia de entrada para distribu\u00ed-la \u00e0s cargas ou equipamentos de armazenamento, onde gerenciam as fases de carga da bateria e tamb\u00e9m as protegem contra sobrecargas e sobrecargas.<\/p>\n<p>Encontramos dois tipos de reguladores, os <strong>reguladores PWM e maximizadores MPPT<\/strong>. A diferen\u00e7a \u00e9 baseada nos MPPTs que gerenciam o ponto de pot\u00eancia m\u00e1xima do campo fotovoltaico para obter o m\u00e1ximo dos m\u00f3dulos, enquanto os PWMs ajustam a tens\u00e3o do banco de baterias independentemente da produ\u00e7\u00e3o dos m\u00f3dulos.<\/p>\n<p>Com isso, os maximizadores MPPT aproveitam a produ\u00e7\u00e3o solar em at\u00e9 30% a mais que os reguladores PWM e, al\u00e9m disso, todos os tipos de pain\u00e9is solares podem ser ligados e a liga\u00e7\u00e3o destes pode ser em s\u00e9rie at\u00e9 uma certa tens\u00e3o.<\/p>\n<h3>Reguladores e Maximizadores MPPT Victron<\/h3>\n<p>A <strong>Victron Energy<\/strong> possui uma ampla gama de reguladores e maximizadores de MPPT, variando de 12VC a 48 Vcc e amperagens de 5 A a 100 A.<\/p>\n<p>Tamb\u00e9m tenha em mente que muitos deles podem ser paralelizados para sistemas maiores.<\/p>\n<p>Eles existem com tela LCD e sem ela, mas todos podem ser visualizados e monitorados remotamente com o acess\u00f3rio Color Control GX.<\/p>\n<p class=\"mas-info\">+ Info em: <a class=\"alt-font\" href=\"https:\/\/www.victronenergy.com.es\/solar-charge-controllers\" title=\"Victron Energy\" target=\"_blank\">https:\/\/www.victronenergy.com.es\/solar-charge-controllers<\/a><\/p>\n<\/div><\/div>\n<div class=\"col medium-2 small-12 large-2\"  ><div class=\"col-inner\"  >\n<h3 class=\"lateral alt-font\">Mais Produtos<\/h3>\n<ul class=\"lateral\">\n<li class=\"bullet-arrow\"><a href=\"\/pt-pt\/produtos\/paineis-solares\/\" title=\"Pain\u00e9is Solares\">Pain\u00e9is Solares<\/a><\/li>\n<li class=\"bullet-arrow activa\">Reguladores de Carga<\/li>\n<li class=\"bullet-arrow\"><a href=\"\/pt-pt\/produtos\/inversores-de-isolada\/\" title=\"Inversores de Isolada\">Inversores de Isolada<\/a><\/li>\n<li class=\"bullet-arrow\"><a href=\"\/pt-pt\/produtos\/inversores-autoconsumo\/\" title=\"Inversores Autoconsumo\">Inversores Autoconsumo<\/a><\/li>\n<li class=\"bullet-arrow\"><a href=\"\/pt-pt\/produtos\/sistemas-inteligentes-autoconsumo\/\" title=\"Sistemas inteligentes de Autoconsumo\">Sistemas inteligentes de Autoconsumo<\/a><\/li>\n<li class=\"bullet-arrow\"><a href=\"\/pt-pt\/produtos\/acumuladores-e-baterias\/\" title=\"Acumuladores e baterias\">Acumuladores e baterias<\/a><\/li>\n<li class=\"bullet-arrow\"><a href=\"\/pt-pt\/produtos\/estruturas\/\" title=\"Estruturas\">Estruturas<\/a><\/li>\n<li class=\"bullet-arrow\"><a href=\"\/pt-pt\/produtos\/bombeamento-solar\/\" title=\"Bombeamento Solar\">Bombeamento Solar<\/a><\/li>\n<li class=\"bullet-arrow\"><a href=\"\/pt-pt\/produtos\/variadores-de-frequencia\/\" title=\"Variadores de Frequ\u00eancia\">Variadores de Frequ\u00eancia<\/a><\/li>\n<li class=\"bullet-arrow\"><a href=\"\/pt-pt\/produtos\/grupos-geradores-e-hibridos\/\" title=\"Grupos Geradores e H\u00edbridos\">Grupos Geradores e H\u00edbridos<\/a><\/li>\n<\/ul>\n<\/div><\/div>\n\n<style scope=\"scope\">\n\n<\/style>\n<\/div>\n","protected":false},"excerpt":{"rendered":"","protected":false},"author":2,"featured_media":1680,"parent":2171,"menu_order":0,"comment_status":"closed","ping_status":"closed","template":"","meta":{"footnotes":""},"yst_prominent_words":[952,370,424,806,822,855,805,979,419,416,420,929,1003,422,634,985,417,980,986,981],"class_list":["post-2177","page","type-page","status-publish","has-post-thumbnail","hentry"],"_links":{"self":[{"href":"https:\/\/www.hispasolrenovables.com\/pt-pt\/wp-json\/wp\/v2\/pages\/2177","targetHints":{"allow":["GET"]}}],"collection":[{"href":"https:\/\/www.hispasolrenovables.com\/pt-pt\/wp-json\/wp\/v2\/pages"}],"about":[{"href":"https:\/\/www.hispasolrenovables.com\/pt-pt\/wp-json\/wp\/v2\/types\/page"}],"author":[{"embeddable":true,"href":"https:\/\/www.hispasolrenovables.com\/pt-pt\/wp-json\/wp\/v2\/users\/2"}],"replies":[{"embeddable":true,"href":"https:\/\/www.hispasolrenovables.com\/pt-pt\/wp-json\/wp\/v2\/comments?post=2177"}],"version-history":[{"count":7,"href":"https:\/\/www.hispasolrenovables.com\/pt-pt\/wp-json\/wp\/v2\/pages\/2177\/revisions"}],"predecessor-version":[{"id":2704,"href":"https:\/\/www.hispasolrenovables.com\/pt-pt\/wp-json\/wp\/v2\/pages\/2177\/revisions\/2704"}],"up":[{"embeddable":true,"href":"https:\/\/www.hispasolrenovables.com\/pt-pt\/wp-json\/wp\/v2\/pages\/2171"}],"wp:featuredmedia":[{"embeddable":true,"href":"https:\/\/www.hispasolrenovables.com\/pt-pt\/wp-json\/wp\/v2\/media\/1680"}],"wp:attachment":[{"href":"https:\/\/www.hispasolrenovables.com\/pt-pt\/wp-json\/wp\/v2\/media?parent=2177"}],"wp:term":[{"taxonomy":"yst_prominent_words","embeddable":true,"href":"https:\/\/www.hispasolrenovables.com\/pt-pt\/wp-json\/wp\/v2\/yst_prominent_words?post=2177"}],"curies":[{"name":"wp","href":"https:\/\/api.w.org\/{rel}","templated":true}]}}