{"id":2180,"date":"2018-06-09T15:33:51","date_gmt":"2018-06-09T13:33:51","guid":{"rendered":"https:\/\/www.hispasolrenovables.com\/?page_id=2180"},"modified":"2018-12-08T23:28:46","modified_gmt":"2018-12-08T21:28:46","slug":"inversores-de-isolada","status":"publish","type":"page","link":"https:\/\/www.hispasolrenovables.com\/pt-pt\/produtos\/inversores-de-isolada\/","title":{"rendered":"Inversores de Isolada"},"content":{"rendered":"<div class=\"row row-large\"  id=\"row-1655176610\">\n<div class=\"col medium-10 small-12 large-10\"  ><div class=\"col-inner\"  >\n<h1 class=\"hispasol\">Inversores de Isolada<\/h1>\n<p><img loading=\"lazy\" decoding=\"async\" width=\"790\" height=\"274\" src=\"https:\/\/www.hispasolrenovables.com\/wp-content\/uploads\/victron-inversores-aislada.jpg\" alt=\"Inversores de Isolada\" style=\"width:500px\" class=\"alignright size-full wp-image-1600\" srcset=\"https:\/\/www.hispasolrenovables.com\/wp-content\/uploads\/victron-inversores-aislada.jpg 790w, https:\/\/www.hispasolrenovables.com\/wp-content\/uploads\/victron-inversores-aislada-768x266.jpg 768w\" sizes=\"auto, (max-width: 790px) 100vw, 790px\" \/><\/p>\n<p class=\"dropcap\">Os inversores para instala\u00e7\u00f5es isoladas s\u00e3o respons\u00e1veis por transformar a energia acumulada no banco de baterias, na forma de corrente cont\u00ednua, em corrente alternada para uso nas cargas usuais de uma casa \/ empresa.<\/p>\n<p>Os <strong>Inversores Victron<\/strong> possuem a mais ampla gama de inversores e inversores. Os carregadores variando de 180 VA a 10KW podem alcan\u00e7ar configura\u00e7\u00f5es trif\u00e1sicas e paralelas de at\u00e9 100 KVA.<\/p>\n<p>Com sua grande versatilidade e seu n\u00famero de acess\u00f3rios nos permite fazer qualquer coisa que imaginamos como grupos iniciais, visualizar os par\u00e2metros local e remotamente, controlar as baterias em detalhe at\u00e9 o ponto de controle intermedi\u00e1rio, etc.<\/p>\n<p>Com tudo isso, podemos fazer com que nossas instala\u00e7\u00f5es tenham uma vantagem em durabilidade e gerenciamento.<\/p>\n<p class=\"mas-info\">+ Info em: <a class=\"alt-font\" href=\"https:\/\/www.victronenergy.com.es\/inverters-chargers\" title=\"Victron Energy\" target=\"_blank\">https:\/\/www.victronenergy.com.es\/inverters-chargers<\/a><\/p>\n<\/div><\/div>\n<div class=\"col medium-2 small-12 large-2\"  ><div class=\"col-inner\"  >\n<h3 class=\"lateral alt-font\">Mais Produtos<\/h3>\n<ul class=\"lateral\">\n<li class=\"bullet-arrow\"><a href=\"\/pt-pt\/produtos\/paineis-solares\/\" title=\"Pain\u00e9is Solares\">Pain\u00e9is Solares<\/a><\/li>\n<li class=\"bullet-arrow\"><a href=\"\/pt-pt\/produtos\/reguladores-de-carga\/\" title=\"Reguladores de Carga\">Reguladores de Carga<\/a><\/li>\n<li class=\"bullet-arrow activa\">Inversores de Isolada<\/li>\n<li class=\"bullet-arrow\"><a href=\"\/pt-pt\/produtos\/inversores-autoconsumo\/\" title=\"Inversores Autoconsumo\">Inversores Autoconsumo<\/a><\/li>\n<li class=\"bullet-arrow\"><a href=\"\/pt-pt\/produtos\/sistemas-inteligentes-autoconsumo\/\" title=\"Sistemas inteligentes de Autoconsumo\">Sistemas inteligentes de Autoconsumo<\/a><\/li>\n<li class=\"bullet-arrow\"><a href=\"\/pt-pt\/produtos\/acumuladores-e-baterias\/\" title=\"Acumuladores e baterias\">Acumuladores e baterias<\/a><\/li>\n<li class=\"bullet-arrow\"><a href=\"\/pt-pt\/produtos\/estruturas\/\" title=\"Estruturas\">Estruturas<\/a><\/li>\n<li class=\"bullet-arrow\"><a href=\"\/pt-pt\/produtos\/bombeamento-solar\/\" title=\"Bombeamento Solar\">Bombeamento Solar<\/a><\/li>\n<li class=\"bullet-arrow\"><a href=\"\/pt-pt\/produtos\/variadores-de-frequencia\/\" title=\"Variadores de Frequ\u00eancia\">Variadores de Frequ\u00eancia<\/a><\/li>\n<li class=\"bullet-arrow\"><a href=\"\/pt-pt\/produtos\/grupos-geradores-e-hibridos\/\" title=\"Grupos Geradores e H\u00edbridos\">Grupos Geradores e H\u00edbridos<\/a><\/li>\n<\/ul>\n<\/div><\/div>\n\n<style scope=\"scope\">\n\n<\/style>\n<\/div>\n","protected":false},"excerpt":{"rendered":"","protected":false},"author":2,"featured_media":1677,"parent":2171,"menu_order":0,"comment_status":"closed","ping_status":"closed","template":"","meta":{"footnotes":""},"yst_prominent_words":[984,603,370,806,1004,805,1005,650,808,429,1039,978,825,814],"class_list":["post-2180","page","type-page","status-publish","has-post-thumbnail","hentry"],"_links":{"self":[{"href":"https:\/\/www.hispasolrenovables.com\/pt-pt\/wp-json\/wp\/v2\/pages\/2180","targetHints":{"allow":["GET"]}}],"collection":[{"href":"https:\/\/www.hispasolrenovables.com\/pt-pt\/wp-json\/wp\/v2\/pages"}],"about":[{"href":"https:\/\/www.hispasolrenovables.com\/pt-pt\/wp-json\/wp\/v2\/types\/page"}],"author":[{"embeddable":true,"href":"https:\/\/www.hispasolrenovables.com\/pt-pt\/wp-json\/wp\/v2\/users\/2"}],"replies":[{"embeddable":true,"href":"https:\/\/www.hispasolrenovables.com\/pt-pt\/wp-json\/wp\/v2\/comments?post=2180"}],"version-history":[{"count":7,"href":"https:\/\/www.hispasolrenovables.com\/pt-pt\/wp-json\/wp\/v2\/pages\/2180\/revisions"}],"predecessor-version":[{"id":2702,"href":"https:\/\/www.hispasolrenovables.com\/pt-pt\/wp-json\/wp\/v2\/pages\/2180\/revisions\/2702"}],"up":[{"embeddable":true,"href":"https:\/\/www.hispasolrenovables.com\/pt-pt\/wp-json\/wp\/v2\/pages\/2171"}],"wp:featuredmedia":[{"embeddable":true,"href":"https:\/\/www.hispasolrenovables.com\/pt-pt\/wp-json\/wp\/v2\/media\/1677"}],"wp:attachment":[{"href":"https:\/\/www.hispasolrenovables.com\/pt-pt\/wp-json\/wp\/v2\/media?parent=2180"}],"wp:term":[{"taxonomy":"yst_prominent_words","embeddable":true,"href":"https:\/\/www.hispasolrenovables.com\/pt-pt\/wp-json\/wp\/v2\/yst_prominent_words?post=2180"}],"curies":[{"name":"wp","href":"https:\/\/api.w.org\/{rel}","templated":true}]}}