{"id":2185,"date":"2018-06-09T15:41:41","date_gmt":"2018-06-09T13:41:41","guid":{"rendered":"https:\/\/www.hispasolrenovables.com\/?page_id=2185"},"modified":"2021-03-04T11:29:03","modified_gmt":"2021-03-04T09:29:03","slug":"inversores-autoconsumo","status":"publish","type":"page","link":"https:\/\/www.hispasolrenovables.com\/pt-pt\/produtos\/inversores-autoconsumo\/","title":{"rendered":"Inversores Autoconsumo"},"content":{"rendered":"<div class=\"row row-large\"  id=\"row-50775833\">\n<div class=\"col medium-10 small-12 large-10\"  ><div class=\"col-inner\"  >\n<h1 class=\"hispasol\">Inversores Autoconsumo<\/h1>\n<p class=\"dropcap\">Os inversores de conex\u00e3o a rede servem para gerenciar uma instala\u00e7\u00e3o fotovoltaica que possui liga\u00e7\u00e3o com a rede p\u00fablica, onde a energia que consome a habita\u00e7\u00e3o pode ser gerada pelos pain\u00e9is fotovoltaicos ou extra\u00eddos da referida rede, al\u00e9m de ser respons\u00e1vel pelo envio do excedente (ou n\u00e3o em caso de inje\u00e7\u00e3o 0) de produ\u00e7\u00e3o.<\/p>\n<p>Atrav\u00e9s da configura\u00e7\u00e3o AC coupling, os inversores de liga\u00e7\u00e3o a rede tamb\u00e9m podem ser usados em instala\u00e7\u00f5es que usam baterias junto com um inversor-carregador.<\/p>\n<p>Os inversores h\u00edbridos combinam a fun\u00e7\u00e3o de inversores de bateria e inversores de rede. Permitem em uma instala\u00e7\u00e3o que o sistema esteja ligado \u00e0 rede e que tenha tr\u00eas fontes de gera\u00e7\u00e3o de energia: a gerada pelos pain\u00e9is, a obtida a partir da rede el\u00e9trica ou aquela armazenada nas baterias, que \u00e9 gerenciada por um \u00fanico equipamento.<\/p>\n<p><img loading=\"lazy\" decoding=\"async\" width=\"500\" height=\"198\" src=\"https:\/\/www.hispasolrenovables.com\/wp-content\/uploads\/beon-inversores-autoconsumo.jpg\" alt=\"Inversores Autoconsumo\" style=\"width:500px;\" class=\"alignright size-full wp-image-1604\" \/><\/p>\n<p><strong>Microinversores BeOn Energy:<\/strong> dispon\u00edvel em 250W e 300W. Muito f\u00e1cil e r\u00e1pido de instalar, eles possuem cabos de interconex\u00e3o e conectores r\u00e1pidos para instalar at\u00e9 16 unidades por ramal. Eles s\u00e3o equipamentos muito robustos preparados para trabalhar ao ar livre com IP68.<\/p>\n<h3 class=\"lead\"><span class=\"fancy-underline\">Fichas:<\/span><\/h3>\n<ul>\n<li class=\"bullet-checkmark\">BeOn Echo <a href=\"\/wp-content\/uploads\/Pag5.Actualizaci\u00f3n-Ficha-BeOn-250W.pdf\" title=\"BeOn Echo\" target=\"_blank\">VEJA FICHA<\/a><\/li>\n<li class=\"bullet-checkmark\">BeOn 1 <a href=\"\/wp-content\/uploads\/Pag5.Actualizaci\u00f3n-Ficha-BeOn-300W.pdf\" title=\"BeOn 2\" target=\"_blank\">VEJA FICHA<\/a><\/li>\n<\/ul>\n<p class=\"mas-info\">+ Info em: <a class=\"alt-font\" href=\"http:\/\/beonenergy.com\" title=\"Beon Energy\" target=\"_blank\">http:\/\/beonenergy.com<\/a><\/p>\n<hr class=\"separacion\" \/>\n<p><img loading=\"lazy\" decoding=\"async\" src=\"https:\/\/www.hispasolrenovables.com\/wp-content\/uploads\/inversores-kostal.jpg\" alt=\"Inversores de liga\u00e7\u00e3o a rede Kostal\" width=\"327\" height=\"370\" class=\"alignright size-full wp-image-1606\" \/><\/p>\n<p><strong>Inversores de liga\u00e7\u00e3o a rede Kostal.<\/strong> Sua filosofia de &#8221; Smart connections.&#8221; significa combinar os desejos de nossos clientes com a experi\u00eancia do grupo KOSTAL, e seus inversores fotovoltaicos est\u00e3o sendo constantemente aperfei\u00e7oados de acordo com as exig\u00eancias do mercado Atualmente, inversores fotovoltaicos monof\u00e1sicos e trif\u00e1sicos das classes de pot\u00eancia de 1,5 a 36 kW, bem como um sistema de armazenamento fazem parte da nossa oferta de inversores da marca PIKO.<\/p>\n<h3 class=\"lead\"><span class=\"fancy-underline\">Fichas:<\/span><\/h3>\n<ul>\n<li class=\"bullet-checkmark\">Kostal Piko Monof\u00edsicos <a href=\"https:\/\/www.hispasolrenovables.com\/wp-content\/uploads\/Pag5.-Kostal-h\u00edbridos-trif\u00e1sicos-Plenticore-Plus.pdf\" title=\"Kostal Piko Monof\u00edsicos\" target=\"_blank\">VEJA FICHA<\/a><\/li>\n<li class=\"bullet-checkmark\">Kostal Piko Trif\u00edsicos <a href=\"https:\/\/www.hispasolrenovables.com\/wp-content\/uploads\/Pag5.-Kostal-monof\u00e1sicos-Piko-MP-Plus.pdf\" title=\"Kostal Piko Trif\u00edsicos\" target=\"_blank\">VEJA FICHA<\/a><\/li>\n<li class=\"bullet-checkmark\">Kostal trif\u00e1sicos Piko IQ <a href=\"https:\/\/www.hispasolrenovables.com\/wp-content\/uploads\/Pag5.-Kostal-trif\u00e1sicos-Piko-IQ-.pdf\" target=\"_blank\">VEJA FICHA<\/a><\/li>\n<\/ul>\n<p class=\"mas-info\">+ Info em: <a class=\"alt-font\" href=\"http:\/\/www.kostal-solar-electric.com\/es-ES\" title=\"Kostal Solar Electric\" target=\"_blank\">http:\/\/www.kostal-solar-electric.com\/es-ES<\/a><\/p>\n<\/div><\/div>\n<div class=\"col medium-2 small-12 large-2\"  ><div class=\"col-inner\"  >\n<h3 class=\"lateral alt-font\">Mais Produtos<\/h3>\n<ul class=\"lateral\">\n<li class=\"bullet-arrow\"><a href=\"\/pt-pt\/produtos\/paineis-solares\/\" title=\"Pain\u00e9is Solares\">Pain\u00e9is Solares<\/a><\/li>\n<li class=\"bullet-arrow\"><a href=\"\/pt-pt\/produtos\/reguladores-de-carga\/\" title=\"Reguladores de Carga\">Reguladores de Carga<\/a><\/li>\n<li class=\"bullet-arrow\"><a href=\"\/pt-pt\/produtos\/inversores-de-isolada\/\" title=\"Inversores de Isolada\">Inversores de Isolada<\/a><\/li>\n<li class=\"bullet-arrow activa\">Inversores Autoconsumo<\/li>\n<li class=\"bullet-arrow\"><a href=\"\/pt-pt\/produtos\/sistemas-inteligentes-autoconsumo\/\" title=\"Sistemas inteligentes de Autoconsumo\">Sistemas inteligentes de Autoconsumo<\/a><\/li>\n<li class=\"bullet-arrow\"><a href=\"\/pt-pt\/produtos\/acumuladores-e-baterias\/\" title=\"Acumuladores e baterias\">Acumuladores e baterias<\/a><\/li>\n<li class=\"bullet-arrow\"><a href=\"\/pt-pt\/produtos\/estruturas\/\" title=\"Estruturas\">Estruturas<\/a><\/li>\n<li class=\"bullet-arrow\"><a href=\"\/pt-pt\/produtos\/bombeamento-solar\/\" title=\"Bombeamento Solar\">Bombeamento Solar<\/a><\/li>\n<li class=\"bullet-arrow\"><a href=\"\/pt-pt\/produtos\/variadores-de-frequencia\/\" title=\"Variadores de Frequ\u00eancia\">Variadores de Frequ\u00eancia<\/a><\/li>\n<li class=\"bullet-arrow\"><a href=\"\/pt-pt\/produtos\/grupos-geradores-e-hibridos\/\" title=\"Grupos Geradores e H\u00edbridos\">Grupos Geradores e H\u00edbridos<\/a><\/li>\n<\/ul>\n<\/div><\/div>\n\n<style scope=\"scope\">\n\n<\/style>\n<\/div>\n","protected":false},"excerpt":{"rendered":"","protected":false},"author":2,"featured_media":2865,"parent":2171,"menu_order":0,"comment_status":"closed","ping_status":"closed","template":"","meta":{"footnotes":""},"yst_prominent_words":[806,822,805,631,1008,1006,1060,663,1611,1610,531,532,676,1009,675,901,1007,1062,1061],"class_list":["post-2185","page","type-page","status-publish","has-post-thumbnail","hentry"],"_links":{"self":[{"href":"https:\/\/www.hispasolrenovables.com\/pt-pt\/wp-json\/wp\/v2\/pages\/2185","targetHints":{"allow":["GET"]}}],"collection":[{"href":"https:\/\/www.hispasolrenovables.com\/pt-pt\/wp-json\/wp\/v2\/pages"}],"about":[{"href":"https:\/\/www.hispasolrenovables.com\/pt-pt\/wp-json\/wp\/v2\/types\/page"}],"author":[{"embeddable":true,"href":"https:\/\/www.hispasolrenovables.com\/pt-pt\/wp-json\/wp\/v2\/users\/2"}],"replies":[{"embeddable":true,"href":"https:\/\/www.hispasolrenovables.com\/pt-pt\/wp-json\/wp\/v2\/comments?post=2185"}],"version-history":[{"count":12,"href":"https:\/\/www.hispasolrenovables.com\/pt-pt\/wp-json\/wp\/v2\/pages\/2185\/revisions"}],"predecessor-version":[{"id":2802,"href":"https:\/\/www.hispasolrenovables.com\/pt-pt\/wp-json\/wp\/v2\/pages\/2185\/revisions\/2802"}],"up":[{"embeddable":true,"href":"https:\/\/www.hispasolrenovables.com\/pt-pt\/wp-json\/wp\/v2\/pages\/2171"}],"wp:featuredmedia":[{"embeddable":true,"href":"https:\/\/www.hispasolrenovables.com\/pt-pt\/wp-json\/wp\/v2\/media\/2865"}],"wp:attachment":[{"href":"https:\/\/www.hispasolrenovables.com\/pt-pt\/wp-json\/wp\/v2\/media?parent=2185"}],"wp:term":[{"taxonomy":"yst_prominent_words","embeddable":true,"href":"https:\/\/www.hispasolrenovables.com\/pt-pt\/wp-json\/wp\/v2\/yst_prominent_words?post=2185"}],"curies":[{"name":"wp","href":"https:\/\/api.w.org\/{rel}","templated":true}]}}