{"id":2190,"date":"2018-06-09T15:50:54","date_gmt":"2018-06-09T13:50:54","guid":{"rendered":"https:\/\/www.hispasolrenovables.com\/?page_id=2190"},"modified":"2018-12-08T23:29:42","modified_gmt":"2018-12-08T21:29:42","slug":"sistemas-inteligentes-autoconsumo","status":"publish","type":"page","link":"https:\/\/www.hispasolrenovables.com\/pt-pt\/produtos\/sistemas-inteligentes-autoconsumo\/","title":{"rendered":"Sistemas inteligentes de Autoconsumo"},"content":{"rendered":"<div class=\"row row-large\"  id=\"row-412965454\">\n<div class=\"col medium-10 small-12 large-10\"  ><div class=\"col-inner\"  >\n<h1 class=\"hispasol\">Sistemas inteligentes de Autoconsumo<\/h1>\n<p><img loading=\"lazy\" decoding=\"async\" src=\"https:\/\/www.hispasolrenovables.com\/wp-content\/uploads\/sistemas-inteligentes-autoconsumo.jpg\" alt=\"Sistemas inteligentes de Autoconsumo\" width=\"300\" height=\"300\" class=\"alignright size-full wp-image-1681\" \/><\/p>\n<p class=\"dropcap\" style=\"padding-top:20px;\">O equipamento <strong>Ampere Energy<\/strong> atua como um <strong>Gerente inteligente de energia<\/strong>. S\u00e3o sistemas autoconsumo com baterias para armazenamento de energia com tecnologia Lithium-Ion, inversor e contador bidirecional. Esses sistemas inteligentes usam a previs\u00e3o do tempo, o pre\u00e7o da energia e o perfil do usu\u00e1rio para obter a m\u00e1xima independ\u00eancia energ\u00e9tica.<\/p>\n<p>A gama dispon\u00edvel inclui inversores de 3 e 5 kW com baterias de 3 kWh a 12 kWh.<\/p>\n<h3 class=\"lead\"><span class=\"fancy-underline\">Fichas:<\/span><\/h3>\n<ul>\n<li class=\"bullet-checkmark\">Ampere Energy <a href=\"\/wp-content\/uploads\/documents\/sistemas-inteligentes-autoconsumo\/Ampere-energy.pdf\" title=\"Ampere Energy\" target=\"_blank\">VEJA FICHA<\/a><\/li>\n<\/ul>\n<p class=\"mas-info\">+ Info em: <a class=\"alt-font\" href=\"http:\/\/www.ampere-energy.es\/\" title=\"Ampere Energy\" target=\"_blank\">http:\/\/www.ampere-energy.es<\/a><\/p>\n<\/div><\/div>\n<div class=\"col medium-2 small-12 large-2\"  ><div class=\"col-inner\"  >\n<h3 class=\"lateral alt-font\">Mais Produtos<\/h3>\n<ul class=\"lateral\">\n<li class=\"bullet-arrow\"><a href=\"\/pt-pt\/produtos\/paineis-solares\/\" title=\"Pain\u00e9is Solares\">Pain\u00e9is Solares<\/a><\/li>\n<li class=\"bullet-arrow\"><a href=\"\/pt-pt\/produtos\/reguladores-de-carga\/\" title=\"Reguladores de Carga\">Reguladores de Carga<\/a><\/li>\n<li class=\"bullet-arrow\"><a href=\"\/pt-pt\/produtos\/inversores-de-isolada\/\" title=\"Inversores de Isolada\">Inversores de Isolada<\/a><\/li>\n<li class=\"bullet-arrow\"><a href=\"\/pt-pt\/produtos\/inversores-autoconsumo\/\" title=\"Inversores Autoconsumo\">Inversores Autoconsumo<\/a><\/li>\n<li class=\"bullet-arrow activa\">Sistemas inteligentes de Autoconsumo<\/li>\n<li class=\"bullet-arrow\"><a href=\"\/pt-pt\/produtos\/acumuladores-e-baterias\/\" title=\"Acumuladores e baterias\">Acumuladores e baterias<\/a><\/li>\n<li class=\"bullet-arrow\"><a href=\"\/pt-pt\/produtos\/estruturas\/\" title=\"Estruturas\">Estruturas<\/a><\/li>\n<li class=\"bullet-arrow\"><a href=\"\/pt-pt\/produtos\/bombeamento-solar\/\" title=\"Bombeamento Solar\">Bombeamento Solar<\/a><\/li>\n<li class=\"bullet-arrow\"><a href=\"\/pt-pt\/produtos\/variadores-de-frequencia\/\" title=\"Variadores de Frequ\u00eancia\">Variadores de Frequ\u00eancia<\/a><\/li>\n<li class=\"bullet-arrow\"><a href=\"\/pt-pt\/produtos\/grupos-geradores-e-hibridos\/\" title=\"Grupos Geradores e H\u00edbridos\">Grupos Geradores e H\u00edbridos<\/a><\/li>\n<\/ul>\n<\/div><\/div>\n\n<style scope=\"scope\">\n\n<\/style>\n<\/div>\n","protected":false},"excerpt":{"rendered":"","protected":false},"author":2,"featured_media":1681,"parent":2171,"menu_order":0,"comment_status":"closed","ping_status":"closed","template":"","meta":{"footnotes":""},"yst_prominent_words":[590,589,603,370,806,1010,855,310,591,678,1041,429,1011,374,677,1040],"class_list":["post-2190","page","type-page","status-publish","has-post-thumbnail","hentry"],"_links":{"self":[{"href":"https:\/\/www.hispasolrenovables.com\/pt-pt\/wp-json\/wp\/v2\/pages\/2190","targetHints":{"allow":["GET"]}}],"collection":[{"href":"https:\/\/www.hispasolrenovables.com\/pt-pt\/wp-json\/wp\/v2\/pages"}],"about":[{"href":"https:\/\/www.hispasolrenovables.com\/pt-pt\/wp-json\/wp\/v2\/types\/page"}],"author":[{"embeddable":true,"href":"https:\/\/www.hispasolrenovables.com\/pt-pt\/wp-json\/wp\/v2\/users\/2"}],"replies":[{"embeddable":true,"href":"https:\/\/www.hispasolrenovables.com\/pt-pt\/wp-json\/wp\/v2\/comments?post=2190"}],"version-history":[{"count":8,"href":"https:\/\/www.hispasolrenovables.com\/pt-pt\/wp-json\/wp\/v2\/pages\/2190\/revisions"}],"predecessor-version":[{"id":2705,"href":"https:\/\/www.hispasolrenovables.com\/pt-pt\/wp-json\/wp\/v2\/pages\/2190\/revisions\/2705"}],"up":[{"embeddable":true,"href":"https:\/\/www.hispasolrenovables.com\/pt-pt\/wp-json\/wp\/v2\/pages\/2171"}],"wp:featuredmedia":[{"embeddable":true,"href":"https:\/\/www.hispasolrenovables.com\/pt-pt\/wp-json\/wp\/v2\/media\/1681"}],"wp:attachment":[{"href":"https:\/\/www.hispasolrenovables.com\/pt-pt\/wp-json\/wp\/v2\/media?parent=2190"}],"wp:term":[{"taxonomy":"yst_prominent_words","embeddable":true,"href":"https:\/\/www.hispasolrenovables.com\/pt-pt\/wp-json\/wp\/v2\/yst_prominent_words?post=2190"}],"curies":[{"name":"wp","href":"https:\/\/api.w.org\/{rel}","templated":true}]}}