{"id":2204,"date":"2018-06-09T16:48:10","date_gmt":"2018-06-09T14:48:10","guid":{"rendered":"https:\/\/www.hispasolrenovables.com\/?page_id=2204"},"modified":"2018-12-08T23:27:44","modified_gmt":"2018-12-08T21:27:44","slug":"estruturas","status":"publish","type":"page","link":"https:\/\/www.hispasolrenovables.com\/pt-pt\/produtos\/estruturas\/","title":{"rendered":"Estruturas"},"content":{"rendered":"<div class=\"row row-large\"  id=\"row-2039271610\">\n<div class=\"col medium-10 small-12 large-10\"  ><div class=\"col-inner\"  >\n<h1 class=\"hispasol\">Estruturas<\/h1>\n<p class=\"dropcap\">A montagem adequada dos pain\u00e9is fotovoltaicos \u00e9 essencial para garantir um \u00f3timo desempenho. Para fazer isso, devemos decidir o \u00e2ngulo e posi\u00e7\u00e3o de acordo com fatores como localiza\u00e7\u00e3o geogr\u00e1fica, for\u00e7a do vento ou o n\u00famero de dias nublados, entre outros.<\/p>\n<p>Em Hispasol temos estruturas de concreto pr\u00e9-fabricadas, kits de alum\u00ednio em forma de tri\u00e2ngulo inclinado e coplanar integrado, bem como estruturas em postes e em p\u00e9rgola de a\u00e7o.<\/p>\n<p><img loading=\"lazy\" decoding=\"async\" src=\"https:\/\/www.hispasolrenovables.com\/wp-content\/uploads\/estructuras-h.jpg\" alt=\"Estruturas\" width=\"350\" height=\"373\" class=\"alignright size-full wp-image-1800\" \/><\/p>\n<p><strong>Solarbloc:<\/strong> Suportes de cimento pr\u00e9-fabricados para a montagem de pain\u00e9is solares em telhados e superf\u00edcies planas, o que simplifica bastante a montagem das instala\u00e7\u00f5es.<\/p>\n<p>SOLARBLOC funciona como estrutura e suporte de cimento para pain\u00e9is solares, possui o peso necess\u00e1rio para neutralizar a for\u00e7a do vento e agentes externos, \u00e9 fabricada com \u00e2ngulos de 10\u00ba, 12\u00ba, 15\u00ba, 18\u00ba, 28\u00ba, 30\u00ba e 34\u00ba para alcan\u00e7ar o melhor desempenho de os pain\u00e9is solares.<\/p>\n<p>O Solarbloc simplifica o m\u00e9todo de montagem ao n\u00e3o ter que fazer funda\u00e7\u00f5es ou ancorar o suporte, al\u00e9m disso reduz no tempo e materiais a instala\u00e7\u00e3o de pain\u00e9is solares em telhados ou superf\u00edcies.<\/p>\n<h3 class=\"lead\"><span class=\"fancy-underline\">Fichas:<\/span><\/h3>\n<ul>\n<li class=\"bullet-checkmark\">ESQUEMA SOLARBLOC CUBIERTAS <a href=\"\/wp-content\/uploads\/documents\/solar-bloc\/ESQUEMA-SOLARBLOC-CUBIERTAS.pdf\" title=\"ESQUEMA SOLARBLOC CUBIERTAS\" target=\"_blank\">VEJA FICHA<\/a><\/li>\n<li class=\"bullet-checkmark\">SISTEMA DE MONTAJE SOLARBLOC CUBIERTAS <a href=\"\/wp-content\/uploads\/documents\/solar-bloc\/SISTEMA-DE-MONTAJE-SOLARBLOC-CUBIERTAS.pdf\" title=\"SISTEMA DE MONTAJE SOLARBLOC CUBIERTAS\" target=\"_blank\">VEJA FICHA<\/a><\/li>\n<li class=\"bullet-checkmark\">Ficha t\u00e9cnica Nuevo Solarbloc Cubiertas 28-30-34 <a href=\"\/wp-content\/uploads\/documents\/solar-bloc\/Ficha-tecnica-Nuevo-Solarbloc-Cubiertas28-30-34.pdf\" title=\"Nuevo Solarbloc Cubiertas 28-30-34\" target=\"_blank\">VEJA FICHA<\/a><\/li>\n<li class=\"bullet-checkmark\">Ficha t\u00e9cnica Nuevo Solarbloc Cubiertas-10-12-15-18 <a href=\"\/wp-content\/uploads\/documents\/solar-bloc\/Ficha-tecnica-Nuevo-Solarbloc-Cubiertas-10-12-15-18.pdf\" title=\"Nuevo Solarbloc Cubiertas-10-12-15-18\" target=\"_blank\">VEJA FICHA<\/a><\/li>\n<\/ul>\n<p class=\"mas-info\">+ Info em: <a class=\"alt-font\" href=\"http:\/\/solarbloc.es\/\" title=\"SOLARBLOC\" target=\"_blank\">http:\/\/solarbloc.es\/<\/a><\/p>\n<hr class=\"separacion\" \/>\n<p><img loading=\"lazy\" decoding=\"async\" width=\"500\" height=\"295\" src=\"https:\/\/www.hispasolrenovables.com\/wp-content\/uploads\/Estructuras-800x472.png\" alt=\"Estructuras\" style=\"width:500px;\" class=\"alignright size-medium wp-image-1807\" srcset=\"https:\/\/www.hispasolrenovables.com\/wp-content\/uploads\/Estructuras-800x472.png 800w, https:\/\/www.hispasolrenovables.com\/wp-content\/uploads\/Estructuras-768x453.png 768w, https:\/\/www.hispasolrenovables.com\/wp-content\/uploads\/Estructuras.png 811w\" sizes=\"auto, (max-width: 500px) 100vw, 500px\" \/><\/p>\n<p><strong>Inso<\/strong>, empresa especializada em design, c\u00e1lculo e fabrica\u00e7\u00e3o de sistemas estruturais adaptados a cada implementa\u00e7\u00e3o de m\u00f3dulos fotovoltaicos, tanto em ch\u00e3o como en cobertura. Gra\u00e7as a mais de 35 anos de experi\u00eancia no setor de alum\u00ednio pode oferecer solu\u00e7\u00f5es estruturais com um pre\u00e7o otimizado atrav\u00e9s de seu design modular INSO S7500 e S7000, que permite a montagem de todos os modelos de pain\u00e9is solares de forma \u00e1gil, simples e segura.<\/p>\n<h3 class=\"lead\"><span class=\"fancy-underline\">Fichas:<\/span><\/h3>\n<ul>\n<li class=\"bullet-checkmark\">HISPASOL INSO KITS 2017 POSTE FV <a href=\"\/wp-content\/uploads\/documents\/inso\/HISPASOL-INSO-KITS-2017-POSTE-FV.pdf\" title=\"HISPASOL INSO KITS 2017 POSTE FV\" target=\"_blank\">VEJA FICHA<\/a><\/li>\n<li class=\"bullet-checkmark\">HISPASOL INSO KITS 2017 Q1 FV <a href=\"\/wp-content\/uploads\/documents\/solar-bloc\/HISPASOL-INSO-KITS 2017-Q1-FV.pdf\" title=\"HISPASOL INSO KITS 2017 Q1 FV\" target=\"_blank\">VEJA FICHA<\/a><\/li>\n<li class=\"bullet-checkmark\">Estructura Bombeo Solar 2017 1650&#215;990 L 350m <a href=\"\/wp-content\/uploads\/documents\/solar-bloc\/Estructura-Bombeo-Solar-2017-1650x990-L-350m.pdf\" title=\"Estructura-Bombeo-Solar-2017-1650x990 L 350m\" target=\"_blank\">VEJA FICHA<\/a><\/li>\n<\/ul>\n<p class=\"mas-info\">+ Info em: <a class=\"alt-font\" href=\"http:\/\/www.insofot.com\/es\/\" title=\"INSOFOT\" target=\"_blank\">http:\/\/www.insofot.com\/es\/<\/a><\/p>\n<\/div><\/div>\n<div class=\"col medium-2 small-12 large-2\"  ><div class=\"col-inner\"  >\n<h3 class=\"lateral alt-font\">Mais Produtos<\/h3>\n<ul class=\"lateral\">\n<li class=\"bullet-arrow\"><a href=\"\/pt-pt\/produtos\/paineis-solares\/\" title=\"Pain\u00e9is Solares\">Pain\u00e9is Solares<\/a><\/li>\n<li class=\"bullet-arrow\"><a href=\"\/pt-pt\/produtos\/reguladores-de-carga\/\" title=\"Reguladores de Carga\">Reguladores de Carga<\/a><\/li>\n<li class=\"bullet-arrow\"><a href=\"\/pt-pt\/produtos\/inversores-de-isolada\/\" title=\"Inversores de Isolada\">Inversores de Isolada<\/a><\/li>\n<li class=\"bullet-arrow\"><a href=\"\/pt-pt\/produtos\/inversores-autoconsumo\/\" title=\"Inversores Autoconsumo\">Inversores Autoconsumo<\/a><\/li>\n<li class=\"bullet-arrow\"><a href=\"\/pt-pt\/produtos\/sistemas-inteligentes-autoconsumo\/\" title=\"Sistemas inteligentes de Autoconsumo\">Sistemas inteligentes de Autoconsumo<\/a><\/li>\n<li class=\"bullet-arrow\"><a href=\"\/pt-pt\/produtos\/acumuladores-e-baterias\/\" title=\"Acumuladores e baterias\">Acumuladores e baterias<\/a><\/li>\n<li class=\"bullet-arrow activa\">Estruturas<\/li>\n<li class=\"bullet-arrow\"><a href=\"\/pt-pt\/produtos\/bombeamento-solar\/\" title=\"Bombeamento Solar\">Bombeamento Solar<\/a><\/li>\n<li class=\"bullet-arrow\"><a href=\"\/pt-pt\/produtos\/variadores-de-frequencia\/\" title=\"Variadores de Frequ\u00eancia\">Variadores de Frequ\u00eancia<\/a><\/li>\n<li class=\"bullet-arrow\"><a href=\"\/pt-pt\/produtos\/grupos-geradores-e-hibridos\/\" title=\"Grupos Geradores e H\u00edbridos\">Grupos Geradores e H\u00edbridos<\/a><\/li>\n<\/ul>\n<\/div><\/div>\n\n<style scope=\"scope\">\n\n<\/style>\n<\/div>\n","protected":false},"excerpt":{"rendered":"","protected":false},"author":2,"featured_media":1674,"parent":2171,"menu_order":0,"comment_status":"closed","ping_status":"closed","template":"","meta":{"footnotes":""},"yst_prominent_words":[1523,1021,631,684,687,1020,1019,1524,711,714,715,929,1023,1022,683,1522,1069,1024,688,1061],"class_list":["post-2204","page","type-page","status-publish","has-post-thumbnail","hentry"],"_links":{"self":[{"href":"https:\/\/www.hispasolrenovables.com\/pt-pt\/wp-json\/wp\/v2\/pages\/2204","targetHints":{"allow":["GET"]}}],"collection":[{"href":"https:\/\/www.hispasolrenovables.com\/pt-pt\/wp-json\/wp\/v2\/pages"}],"about":[{"href":"https:\/\/www.hispasolrenovables.com\/pt-pt\/wp-json\/wp\/v2\/types\/page"}],"author":[{"embeddable":true,"href":"https:\/\/www.hispasolrenovables.com\/pt-pt\/wp-json\/wp\/v2\/users\/2"}],"replies":[{"embeddable":true,"href":"https:\/\/www.hispasolrenovables.com\/pt-pt\/wp-json\/wp\/v2\/comments?post=2204"}],"version-history":[{"count":9,"href":"https:\/\/www.hispasolrenovables.com\/pt-pt\/wp-json\/wp\/v2\/pages\/2204\/revisions"}],"predecessor-version":[{"id":2699,"href":"https:\/\/www.hispasolrenovables.com\/pt-pt\/wp-json\/wp\/v2\/pages\/2204\/revisions\/2699"}],"up":[{"embeddable":true,"href":"https:\/\/www.hispasolrenovables.com\/pt-pt\/wp-json\/wp\/v2\/pages\/2171"}],"wp:featuredmedia":[{"embeddable":true,"href":"https:\/\/www.hispasolrenovables.com\/pt-pt\/wp-json\/wp\/v2\/media\/1674"}],"wp:attachment":[{"href":"https:\/\/www.hispasolrenovables.com\/pt-pt\/wp-json\/wp\/v2\/media?parent=2204"}],"wp:term":[{"taxonomy":"yst_prominent_words","embeddable":true,"href":"https:\/\/www.hispasolrenovables.com\/pt-pt\/wp-json\/wp\/v2\/yst_prominent_words?post=2204"}],"curies":[{"name":"wp","href":"https:\/\/api.w.org\/{rel}","templated":true}]}}