{"id":2209,"date":"2018-06-09T16:58:31","date_gmt":"2018-06-09T14:58:31","guid":{"rendered":"https:\/\/www.hispasolrenovables.com\/?page_id=2209"},"modified":"2018-12-15T23:41:01","modified_gmt":"2018-12-15T21:41:01","slug":"bombeamento-solar","status":"publish","type":"page","link":"https:\/\/www.hispasolrenovables.com\/pt-pt\/produtos\/bombeamento-solar\/","title":{"rendered":"Bombeamento Solar"},"content":{"rendered":"<div class=\"row row-large\"  id=\"row-246253290\">\n<div class=\"col medium-10 small-12 large-10\"  ><div class=\"col-inner\"  >\n<h1 class=\"hispasol\">Bombeamento Solar<\/h1>\n<p><img loading=\"lazy\" decoding=\"async\" src=\"https:\/\/www.hispasolrenovables.com\/wp-content\/uploads\/nastec.jpg\" alt=\"Nastec\" width=\"557\" height=\"305\" class=\"alignright size-full wp-image-2782\" \/><\/p>\n<p class=\"dropcap\">A Hispasol Renovables \u00e9 uma Distribuidora Oficial das bombas <strong>NASTEC<\/strong> e <strong>LORENTZ<\/strong> na Espanha e em Portugal.<\/p>\n<h2>NASTEC<\/h2>\n<p>A Nastec desenvolve e fabrica uma gama de bombas e acess\u00f3rios que s\u00e3o a express\u00e3o da m\u00e1xima integra\u00e7\u00e3o entre a eletr\u00f3nica, a mec\u00e2nica e a hidr\u00e1ulica. O resultado \u00e9 uma nova gera\u00e7\u00e3o de produtos caracterizada por uma maior simplicidade de instala\u00e7\u00e3o, confiabilidade, flexibilidade e conforto de uso aliada a um menor consumo de energia, atrav\u00e9s da explora\u00e7\u00e3o, quando poss\u00edvel, de fontes renov\u00e1veis de energia.<\/p>\n<h3>Bombas solares NERA<\/h3>\n<p>As bombas solares NASTEC NERA foram desenvolvidas para atender as necessidades de bombeamento de baixo custo e baixo consumo de energia, sem sacrificar a qualidade, confiabilidade e desempenho. Por esta raz\u00e3o, solu\u00e7\u00f5es tecnol\u00f3gicas \u00fanicas concentram-se nas bombas <strong>NERA<\/strong>.<\/p>\n<h3>Bombas submers\u00edveis de 4\u201d 4HS MultiPower<\/h3>\n<p>As bombas NASTEC 4HS MultiPower alimentadas por energias renov\u00e1veis incorporam um inversor de frequ\u00eancia integrado.<\/p>\n<p>Podem ser alimentados por AC ou DC com uma ampla gama de tens\u00f5es (90-265 Vac \/ 90 \u2013 400 Vdc). Estes podem ser conectados diretamente a pain\u00e9is fotovoltaicos, baterias, turbinas e\u00f3licas e geradores, bem como \u00e0 rede el\u00e9trica. Um algoritmo especial no software permite ajustar o desempenho hidr\u00e1ulico de cada fonte de energia para a pot\u00eancia m\u00e1xima dispon\u00edvel, maximizando o fluxo de \u00e1gua bombeada e o uso m\u00e1ximo da energia recebida.<\/p>\n<h2>Inversor para bombio solar VASCO SOLAR<\/h2>\n<p>O VASCO Solar da NASTEC \u00e9 um variador que permite converter os tradicionais sistemas de bombeamento em sistemas de bombeamento movidos a energia solar, renov\u00e1veis e amig\u00e1veis ao meio ambiente, usando as bombas existentes com motor AC trif\u00e1sico, o que significa uma economia de energia significativa e um sistema sustent\u00e1vel.<\/p>\n<p>O VASCO Solar \u00e9 totalmente feito de alum\u00ednio para garantir o m\u00e1ximo resfriamento e durabilidade. Todas as partes met\u00e1licas s\u00e3o feitas de a\u00e7o inoxid\u00e1vel AISI 304, sendo altamente resistentes \u00e0 corros\u00e3o e aos fatores clim\u00e1ticos, com prote\u00e7\u00e3o IP65 que permite sua instala\u00e7\u00e3o ao ar livre. Dois ventiladores externos independentes e um ventilador interno fornecem resfriamento ideal mesmo nos climas mais extremos. O funcionamento do mesmo \u00e9 controlado de acordo com a temperatura ambiente, permitindo assim uma longa vida \u00fatil.<\/p>\n<p><img loading=\"lazy\" decoding=\"async\" src=\"https:\/\/www.hispasolrenovables.com\/wp-content\/uploads\/bombe-solar-productos-azul.jpg\" alt=\"Bombeamento Solar\" width=\"500\" height=\"183\" class=\"aligncenter size-full wp-image-2008\" \/><\/p>\n<h2>LORENTZ<\/h2>\n<h3>Fornece sistemas de bombeamento eficientes desde 1993<\/h3>\n<p>Com mais de 20 anos de desenvolvimento e fabrica\u00e7\u00e3o de sistemas de bombeamento eficientes.<\/p>\n<h3>Tem uma abordagem 100% focada no bombeamento solar de \u00e1gua<\/h3>\n<p>N\u00e3o somos a maior empresa de bombeamento, mas somos l\u00edderes mundiais no mercado de bombeamento de \u00e1gua solar.<\/p>\n<h4>Tem uma rede de parceiros globais e profissionais<\/h4>\n<p>Nossos sistemas de bombeamento s\u00e3o fornecidos localmente por meio de uma rede global de parceiros profissionais de vendas e servi\u00e7os.<\/p>\n<h3>Tem um hist\u00f3rico comprovado<\/h3>\n<p>Alguns dos nossos primeiros sistemas de bombas solares continuam a funcionar sem incidentes.<\/p>\n<h3 class=\"lead\"><span class=\"fancy-underline\">Fichas:<\/span><\/h3>\n<ul>\n<li class=\"bullet-checkmark\">Lorentz ps2 <a href=\"\/wp-content\/uploads\/documents\/lorentz\/Folleto-Lorentz-ps2.pdf\" title=\"Lorentz ps2\" target=\"_blank\">VEJA FICHA<\/a><\/li>\n<li class=\"bullet-checkmark\">Lorentz psk2 <a href=\"\/wp-content\/uploads\/documents\/lorentz\/Folleto-Lorentz-psk2.pdf\" title=\"Lorentz psk2\" target=\"_blank\">VEJA FICHA<\/a><\/li>\n<\/ul>\n<p class=\"mas-info\" style=\"text-align:center;\">+ Info em: <a class=\"alt-font\" href=\"https:\/\/www.lorentz.de\/es\" title=\"Lorentz\" target=\"_blank\">https:\/\/www.lorentz.de\/es<\/a> e <a class=\"alt-font\" href=\"https:\/\/nastec.eu\/es\/\" title=\"Nastec\" target=\"_blank\">https:\/\/nastec.eu\/es\/<\/a><\/p>\n<\/div><\/div>\n<div class=\"col medium-2 small-12 large-2\"  ><div class=\"col-inner\"  >\n<h3 class=\"lateral alt-font\">Mais Produtos<\/h3>\n<ul class=\"lateral\">\n<li class=\"bullet-arrow\"><a href=\"\/pt-pt\/produtos\/paineis-solares\/\" title=\"Pain\u00e9is Solares\">Pain\u00e9is Solares<\/a><\/li>\n<li class=\"bullet-arrow\"><a href=\"\/pt-pt\/produtos\/reguladores-de-carga\/\" title=\"Reguladores de Carga\">Reguladores de Carga<\/a><\/li>\n<li class=\"bullet-arrow\"><a href=\"\/pt-pt\/produtos\/inversores-de-isolada\/\" title=\"Inversores de Isolada\">Inversores de Isolada<\/a><\/li>\n<li class=\"bullet-arrow\"><a href=\"\/pt-pt\/produtos\/inversores-autoconsumo\/\" title=\"Inversores Autoconsumo\">Inversores Autoconsumo<\/a><\/li>\n<li class=\"bullet-arrow\"><a href=\"\/pt-pt\/produtos\/sistemas-inteligentes-autoconsumo\/\" title=\"Sistemas inteligentes de Autoconsumo\">Sistemas inteligentes de Autoconsumo<\/a><\/li>\n<li class=\"bullet-arrow\"><a href=\"\/pt-pt\/produtos\/acumuladores-e-baterias\/\" title=\"Acumuladores e baterias\">Acumuladores e baterias<\/a><\/li>\n<li class=\"bullet-arrow menuitemhidden\"><a href=\"\/pt-pt\/produtos\/solar-termica\/\" title=\"Solar T\u00e9rmica\">Solar T\u00e9rmica<\/a><\/li>\n<li class=\"bullet-arrow\"><a href=\"\/pt-pt\/produtos\/estruturas\/\" title=\"Estruturas\">Estruturas<\/a><\/li>\n<li class=\"bullet-arrow activa\">Bombeamento Solar<\/li>\n<li class=\"bullet-arrow\"><a href=\"\/pt-pt\/produtos\/variadores-de-frequencia\/\" title=\"Variadores de Frequ\u00eancia\">Variadores de Frequ\u00eancia<\/a><\/li>\n<li class=\"bullet-arrow\"><a href=\"\/pt-pt\/produtos\/grupos-geradores-e-hibridos\/\" title=\"Grupos Geradores e H\u00edbridos\">Grupos Geradores e H\u00edbridos<\/a><\/li>\n<\/ul>\n<\/div><\/div>\n\n<style scope=\"scope\">\n\n<\/style>\n<\/div>\n","protected":false},"excerpt":{"rendered":"","protected":false},"author":2,"featured_media":1673,"parent":2171,"menu_order":0,"comment_status":"closed","ping_status":"closed","template":"","meta":{"footnotes":""},"yst_prominent_words":[1604,1631,581,1603,1599,863,1027,862,1630,1629,310,1026,1025,311,922,824,814,1029,1605,1061],"class_list":["post-2209","page","type-page","status-publish","has-post-thumbnail","hentry"],"_links":{"self":[{"href":"https:\/\/www.hispasolrenovables.com\/pt-pt\/wp-json\/wp\/v2\/pages\/2209","targetHints":{"allow":["GET"]}}],"collection":[{"href":"https:\/\/www.hispasolrenovables.com\/pt-pt\/wp-json\/wp\/v2\/pages"}],"about":[{"href":"https:\/\/www.hispasolrenovables.com\/pt-pt\/wp-json\/wp\/v2\/types\/page"}],"author":[{"embeddable":true,"href":"https:\/\/www.hispasolrenovables.com\/pt-pt\/wp-json\/wp\/v2\/users\/2"}],"replies":[{"embeddable":true,"href":"https:\/\/www.hispasolrenovables.com\/pt-pt\/wp-json\/wp\/v2\/comments?post=2209"}],"version-history":[{"count":10,"href":"https:\/\/www.hispasolrenovables.com\/pt-pt\/wp-json\/wp\/v2\/pages\/2209\/revisions"}],"predecessor-version":[{"id":2796,"href":"https:\/\/www.hispasolrenovables.com\/pt-pt\/wp-json\/wp\/v2\/pages\/2209\/revisions\/2796"}],"up":[{"embeddable":true,"href":"https:\/\/www.hispasolrenovables.com\/pt-pt\/wp-json\/wp\/v2\/pages\/2171"}],"wp:featuredmedia":[{"embeddable":true,"href":"https:\/\/www.hispasolrenovables.com\/pt-pt\/wp-json\/wp\/v2\/media\/1673"}],"wp:attachment":[{"href":"https:\/\/www.hispasolrenovables.com\/pt-pt\/wp-json\/wp\/v2\/media?parent=2209"}],"wp:term":[{"taxonomy":"yst_prominent_words","embeddable":true,"href":"https:\/\/www.hispasolrenovables.com\/pt-pt\/wp-json\/wp\/v2\/yst_prominent_words?post=2209"}],"curies":[{"name":"wp","href":"https:\/\/api.w.org\/{rel}","templated":true}]}}