{"id":2236,"date":"2018-06-09T17:51:06","date_gmt":"2018-06-09T15:51:06","guid":{"rendered":"https:\/\/www.hispasolrenovables.com\/?page_id=2236"},"modified":"2018-06-09T17:51:06","modified_gmt":"2018-06-09T15:51:06","slug":"contato","status":"publish","type":"page","link":"https:\/\/www.hispasolrenovables.com\/pt-pt\/contato\/","title":{"rendered":"Contato"},"content":{"rendered":"\n\t<script type=\"text\/javascript\">\n  jQuery( document ).ready(function() {\n    function initialize() {\n        var styles = {\n            'flatsome':  [{\n            \"featureType\": \"administrative\",\n            \"stylers\": [\n              { \"visibility\": \"on\" }\n            ]\n          },\n          {\n            \"featureType\": \"road\",\n            \"stylers\": [\n              { \"visibility\": \"on\" },\n              { \"hue\": \"#0e1830\" }\n            ]\n          },\n          {\n            \"stylers\": [\n\t\t\t  { \"visibility\": \"on\" },\n\t\t\t  { \"hue\": \"#0e1830\" },\n\t\t\t  { \"saturation\": -100 }\n            ]\n          }\n        ]};\n\n        var myLatlng = new google.maps.LatLng(38.8980685, -6.34202016);\n        var myOptions = {\n            zoom: 16,\n            center: myLatlng,\n            mapTypeId: google.maps.MapTypeId.ROADMAP,\n            disableDefaultUI: true,\n            mapTypeId: 'flatsome',\n            draggable: true,\n            zoomControl: true,\n            zoomControlOptions: {\n              position: google.maps.ControlPosition.TOP_LEFT\n            },\n      \t\t\t\/\/ panControl: true,\n            \/\/ panControlOptions: {\n            \/\/   position: google.maps.ControlPosition.TOP_LEFT\n            \/\/ },\n      \t\t\tmapTypeControl: true,\n            mapTypeControlOptions: {\n              position: google.maps.ControlPosition.TOP_LEFT\n            },\n      \t\t\t\/\/ scaleControl: true,\n            \/\/ scaleControlOptions: {\n            \/\/   position: google.maps.ControlPosition.TOP_LEFT\n            \/\/ },\n      \t\t\tstreetViewControl: true,\n            streetViewControlOptions: {\n              position: google.maps.ControlPosition.TOP_LEFT\n            },\n      \t\t\t\/\/ overviewMapControl: true,\n            \/\/ overviewMapControlOptions: {\n            \/\/   position: google.maps.ControlPosition.TOP_LEFT\n            \/\/ },\n            scrollwheel: false,\n            disableDoubleClickZoom: true\n        }\n        var map = new google.maps.Map(document.getElementById(\"map-461045057-inner\"), myOptions);\n        var styledMapType = new google.maps.StyledMapType(styles['flatsome'], {name: 'flatsome'});\n        map.mapTypes.set('flatsome', styledMapType);\n\n        var marker = new google.maps.Marker({\n            position: myLatlng,\n            map: map,\n            title:\"\"\n        });\n    }\n\n    google.maps.event.addDomListener(window, 'load', initialize);\n    google.maps.event.addDomListener(window, 'resize', initialize);\n    });\n    <\/script>\n\n    <div class=\"google-map relative mb\" id=\"map-461045057\">\n        <div class=\"map-height\" id=\"map-461045057-inner\"><\/div>\n        <div id=\"map_overlay_top\"><\/div>\n        <div id=\"map_overlay_bottom\"><\/div>\n         \n       \n<style scope=\"scope\">\n\n#map-461045057 .map-inner {\n  background-color: #fff;\n  max-width: 31%;\n}\n#map-461045057 .map-height {\n  height: 400px;\n}\n<\/style>\n    <\/div><!-- .map -->\n\n\t\n<div class=\"row row-small\"  id=\"row-1711992661\">\n<div class=\"col medium-5 large-5\"  ><div class=\"col-inner dark\" style=\"background-color:rgb(66, 139, 202);padding:25px 25px 25px 25px;\" >\n<h3 style=\"font-size:140%\">DADOS DE CONTATO<\/h3>\n<p>Hispasol Renovables<\/p>\n<p>Ctra. De Alange Km. 1,8<\/p>\n<p>06800 M\u00e9rida (Badajoz) \u2013 Espa\u00f1a<\/p>\n<p>Apdo. de Correos 373<\/p>\n<p>Email: <a href=\"mailto:info@hispasolrenovables.com\" title=\"Enviar Email\">info@hispasolrenovables.com<\/a><\/p>\n<p>M\u00f3vil: 662 344 646 <\/p>\n<p>Tel\u00e9fono: +34 924 310 430<\/p>\n<p>Web: <a href=\"http:\/\/www.hispasolrenovables.com\" target=\"_blank\" title=\"Ir a web\">www.hispasolrenovables.com<\/a><\/p>\n<\/div><\/div>\n<div class=\"col medium-7 large-7\"  ><div class=\"col-inner\" style=\"background-color:rgb(240, 239, 239);padding:25px 25px 25px 25px;\" >\n<div class=\"container section-title-container\" ><h3 class=\"section-title section-title-normal\"><b><\/b><span class=\"section-title-main\" >ENVIE-NOS UM EMAIL, N\u00d3S RESPONDEMOS R\u00c1PIDO<\/span><b><\/b><\/h3><\/div><!-- .section-title -->\n<script type=\"text\/javascript\">if(!gform){document.addEventListener(\"gform_main_scripts_loaded\",function(){gform.scriptsLoaded=!0}),window.addEventListener(\"DOMContentLoaded\",function(){gform.domLoaded=!0});var gform={domLoaded:!1,scriptsLoaded:!1,initializeOnLoaded:function(o){gform.domLoaded&&gform.scriptsLoaded?o():!gform.domLoaded&&gform.scriptsLoaded?window.addEventListener(\"DOMContentLoaded\",o):document.addEventListener(\"gform_main_scripts_loaded\",o)},hooks:{action:{},filter:{}},addAction:function(o,n,r,t){gform.addHook(\"action\",o,n,r,t)},addFilter:function(o,n,r,t){gform.addHook(\"filter\",o,n,r,t)},doAction:function(o){gform.doHook(\"action\",o,arguments)},applyFilters:function(o){return gform.doHook(\"filter\",o,arguments)},removeAction:function(o,n){gform.removeHook(\"action\",o,n)},removeFilter:function(o,n,r){gform.removeHook(\"filter\",o,n,r)},addHook:function(o,n,r,t,i){null==gform.hooks[o][n]&&(gform.hooks[o][n]=[]);var e=gform.hooks[o][n];null==i&&(i=n+\"_\"+e.length),null==t&&(t=10),gform.hooks[o][n].push({tag:i,callable:r,priority:t})},doHook:function(o,n,r){if(r=Array.prototype.slice.call(r,1),null!=gform.hooks[o][n]){var t,i=gform.hooks[o][n];i.sort(function(o,n){return o.priority-n.priority});for(var e=0;e<i.length;e++)\"function\"!=typeof(t=i[e].callable)&&(t=window[t]),\"action\"==o?t.apply(null,r):r[0]=t.apply(null,r)}if(\"filter\"==o)return r[0]},removeHook:function(o,n,r,t){if(null!=gform.hooks[o][n])for(var i=gform.hooks[o][n],e=i.length-1;0<=e;e--)null!=t&&t!=i[e].tag||null!=r&&r!=i[e].priority||i.splice(e,1)}}}<\/script>\n                <div class='gf_browser_gecko gform_wrapper gform_legacy_markup_wrapper' id='gform_wrapper_5' >\n                        <div class='gform_heading'>\n                            <span class='gform_description'><\/span>\n                        <\/div><form method='post' enctype='multipart\/form-data'  id='gform_5'  action='\/pt-pt\/wp-json\/wp\/v2\/pages\/2236' >\n                        <div class='gform_body gform-body'><ul id='gform_fields_5' class='gform_fields top_label form_sublabel_below description_below'><li id=\"field_5_20\" class=\"gfield gfield_html gfield_html_formatted gfield_no_follows_desc field_sublabel_below field_description_below gfield_visibility_visible\" ><style>\n#field_5_14 .gfield_label {display:none;}\n<\/style>\n\n<div style=\"font-size: 80%;\"><span class=\"gfield_required\">*<\/span> Dados requeridos ou obrigat\u00f3rios.<\/div>\n<\/li><li id=\"field_5_18\" class=\"gfield gf_left_half gfield_contains_required field_sublabel_below field_description_below gfield_visibility_visible\" ><label class='gfield_label' for='input_5_18' >Nome<span class=\"gfield_required\"><span class=\"gfield_required gfield_required_asterisk\">*<\/span><\/span><\/label><div class='ginput_container ginput_container_text'><input name='input_18' id='input_5_18' type='text' value='' class='medium'     aria-required=\"true\" aria-invalid=\"false\"   \/> <\/div><\/li><li id=\"field_5_19\" class=\"gfield gf_right_half gfield_contains_required field_sublabel_below field_description_below gfield_visibility_visible\" ><label class='gfield_label' for='input_5_19' >Sobrenome<span class=\"gfield_required\"><span class=\"gfield_required gfield_required_asterisk\">*<\/span><\/span><\/label><div class='ginput_container ginput_container_text'><input name='input_19' id='input_5_19' type='text' value='' class='medium'     aria-required=\"true\" aria-invalid=\"false\"   \/> <\/div><\/li><li id=\"field_5_5\" class=\"gfield gf_left_half gfield_contains_required field_sublabel_below field_description_below gfield_visibility_visible\" ><label class='gfield_label' for='input_5_5' >Correio eletr\u00f4nico<span class=\"gfield_required\"><span class=\"gfield_required gfield_required_asterisk\">*<\/span><\/span><\/label><div class='ginput_container ginput_container_email'>\n                            <input name='input_5' id='input_5_5' type='text' value='' class='medium'    aria-required=\"true\" aria-invalid=\"false\"  \/>\n                        <\/div><\/li><li id=\"field_5_4\" class=\"gfield gf_right_half field_sublabel_below field_description_below gfield_visibility_visible\" ><label class='gfield_label' for='input_5_4' >Telefone<\/label><div class='ginput_container ginput_container_text'><input name='input_4' id='input_5_4' type='text' value='' class='medium'      aria-invalid=\"false\"   \/> <\/div><\/li><li id=\"field_5_8\" class=\"gfield gfield_contains_required field_sublabel_below field_description_below gfield_visibility_visible\" ><label class='gfield_label' for='input_5_8' >Mensagem<span class=\"gfield_required\"><span class=\"gfield_required gfield_required_asterisk\">*<\/span><\/span><\/label><div class='ginput_container ginput_container_textarea'><textarea name='input_8' id='input_5_8' class='textarea small'     aria-required=\"true\" aria-invalid=\"false\"   rows='10' cols='50'><\/textarea><\/div><\/li><li id=\"field_5_15\" class=\"gfield gfield_html gfield_html_formatted gfield_no_follows_desc field_sublabel_below field_description_below gfield_visibility_visible\" ><div id=\"politica\"\n    class=\"lightbox-by-id lightbox-content mfp-hide lightbox-white \"\n    style=\"max-width:600px ;padding:20px\">\n    \n<h2>SUS DATOS SEGUROS<\/h2>\n<h3>Informaci\u00f3n en cumplimiento de la normativa de protecci\u00f3n de datos personales<\/h3>\n\n<p>En Europa y en Espa\u00f1a existen normas de protecci\u00f3n de datos pensadas para proteger su informaci\u00f3n personal de obligado cumplimiento para nuestra entidad. <\/p>\n<p>Por ello, es muy importante para nosotros que entienda perfectamente qu\u00e9 vamos a hacer con los datos personales que le pedimos. <\/p>\n<p>As\u00ed, seremos transparentes y le daremos el control de sus datos, con un lenguaje sencillo y opciones claras que le permitir\u00e1n decidir qu\u00e9 haremos con su informaci\u00f3n personal. <\/p>\n<p>Por favor, si una vez le\u00edda la presente informaci\u00f3n le queda alguna duda, no dude en preguntarnos. <\/p>\n<p>Muchas gracias por su colaboraci\u00f3n. <\/p>\n\n<h3>\u00bfQui\u00e9nes somos?<\/h3>\n<p>Nuestra denominaci\u00f3n: <strong>HISPASOL RENOVABLES,S.L. <\/strong> <\/p>\n\n<p>Nuestro CIF \/ NIF: <strong>B10426682<\/strong><\/p>\n\n<p>Nuestra actividad principal: <strong>DISTRIBICION DE MATERIAL SOLAR<\/strong><\/p>\n\n<p>Nuestra direcci\u00f3n: <strong>CARRETERA DE ALANGE KM 1,8 (INSTALACIONES CASAMAYOR LIBRADA), CP 06800, MERIDA (Badajoz) <\/strong> <\/p>\n \n\n<p>Nuestro tel\u00e9fono de contacto:  <strong>M\u00f3vil: 662 344 646 | Tel\u00e9fono: +34 924 310 430<\/strong><\/p>\n<p>Nuestra direcci\u00f3n de correo electr\u00f3nico de contacto: <strong>info@hispasolrenovables.com<\/strong><\/p>\n\n<p>Nuestra p\u00e1gina web: wwww.hispasolrenovables.com<\/p>\n\n<p>Para su confianza y seguridad, le informamos que somos una entidad inscrita en el siguiente Registro Mercantil \/Registro P\u00fablico: <strong>Registro Mercantil de C\u00c1CERES       T 885, L 712, F 1, S 8, H CC 12492, I\/A 1(18.04.12) <\/strong><\/p>\n\n\n<p>Estamos a su disposici\u00f3n, no dude en contactar con nosotros.<\/p>\n\n<h3>\u00bfPara qu\u00e9 vamos a usar sus datos? <\/h3>\n<p>Con car\u00e1cter general, sus datos personales ser\u00e1n usados para poder relacionarnos con usted y poder prestarle nuestros servicios. <\/p>\n<p>Asimismo, tambi\u00e9n pueden ser usados para otras actividades, como enviarle publicidad o promocionar nuestras actividades.  <\/p>\n\n<h3>\u00bfPor qu\u00e9 necesitamos usar sus datos? <\/h3>\n<p>Sus datos personales son necesarios para poder relacionarnos con usted y poder prestarle nuestros servicios. En este sentido, pondremos a su disposici\u00f3n una serie de casillas que le permitir\u00e1n decidir de manera clara y sencilla sobre el uso de su informaci\u00f3n personal.  <\/p>\n\n<h3>\u00bfQui\u00e9n va a conocer la informaci\u00f3n que le pedimos? <\/h3>\n<p>Con car\u00e1cter general, s\u00f3lo el personal de nuestra entidad que est\u00e9 debidamente autorizado podr\u00e1 tener conocimiento de la informaci\u00f3n que le pedimos. <\/p>\n<p>De igual modo, podr\u00e1n tener conocimiento de su informaci\u00f3n personal aquellas entidades que necesiten tener acceso a la misma para que podamos prestarle nuestros servicios. As\u00ed por ejemplo, nuestro banco conocer\u00e1 sus datos si el pago de nuestros servicios se realiza mediante tarjeta o transferencia bancaria. <\/p>\n<p>Asimismo, tendr\u00e1n conocimiento de su informaci\u00f3n aquellas entidades p\u00fablicas o privadas a las cuales estemos obligados a facilitar sus datos personales con motivo del cumplimiento de alguna ley. Poni\u00e9ndole un ejemplo, la Ley Tributaria obliga a facilitar a la Agencia Tributaria determinada informaci\u00f3n sobre operaciones econ\u00f3micas que superen una determinada cantidad. <\/p>\n<p>En el caso de que, al margen de los supuestos comentados, necesitemos dar a conocer  su informaci\u00f3n personal a otras entidades, le solicitaremos previamente su permiso a trav\u00e9s de opciones claras que le permitir\u00e1n decidir a este respecto. <\/p>\n\n<h3>\u00bfC\u00f3mo vamos a proteger sus datos? <\/h3>\n<p>Protegeremos sus datos con medidas de seguridad eficaces en funci\u00f3n de los riesgos que conlleve el uso de su informaci\u00f3n. <\/p>\n<p>Para ello, nuestra entidad ha aprobado una Pol\u00edtica de Protecci\u00f3n de Datos y se realizan controles y auditor\u00edas anuales para verificar que sus datos personales est\u00e1n seguros en todo momento. <\/p>\n\n<h3>\u00bfEnviaremos sus datos a otros pa\u00edses? <\/h3>\n<p>En el mundo hay pa\u00edses que son seguros para sus datos y otros que no lo son tanto. As\u00ed por ejemplo, la Uni\u00f3n Europea es un entorno seguro para sus datos. Nuestra pol\u00edtica es no enviar su informaci\u00f3n personal a ning\u00fan pa\u00eds que no sea seguro desde el punto de vista de la protecci\u00f3n de sus datos. <\/p>\n<p>En el caso de que, con motivo de prestarle el servicio, sea imprescindible enviar sus datos a un pa\u00eds que no sea tan seguro como Espa\u00f1a, siempre le solicitaremos previamente su permiso y aplicaremos medidas de seguridad eficaces que reduzcan los riesgos del env\u00edo de su informaci\u00f3n personal a otro pa\u00eds. <\/p>\n\n<h3>\u00bfDurante cu\u00e1nto tiempo vamos a conservar sus datos? <\/h3>\n<p>Conservaremos sus datos durante nuestra relaci\u00f3n y mientras nos obliguen las leyes. Una vez finalizados los plazos legales aplicables, procederemos a eliminarlos de forma segura y respetuosa con el medio ambiente. <\/p>\n\n<h3>\u00bfCu\u00e1les son sus derechos de protecci\u00f3n de datos? <\/h3>\n<p>En cualquier momento puede dirigirse a nosotros para saber qu\u00e9 informaci\u00f3n tenemos sobre usted, rectificarla si fuese incorrecta y eliminarla una vez finalizada nuestra relaci\u00f3n, en el caso de que ello sea legalmente posible. <\/p>\n<p>Tambi\u00e9n tiene derecho a solicitar el traspaso de su informaci\u00f3n a otra entidad. Este derecho se llama \u201cportabilidad\u201d y puede ser \u00fatil en determinadas situaciones. <\/p>\n<p>Para solicitar alguno de estos derechos, deber\u00e1 realizar una solicitud escrita a nuestra direcci\u00f3n, junto con una fotocopia de su DNI, para poder identificarle. <\/p>\n<p>En las oficinas de nuestra entidad disponemos de formularios espec\u00edficos para solicitar dichos derechos y le ofrecemos nuestra ayuda para su cumplimentaci\u00f3n. <\/p>\n<p>Para saber m\u00e1s sobre sus derechos de protecci\u00f3n de datos, puede consultar la  p\u00e1gina web de la Agencia Espa\u00f1ola de Protecci\u00f3n de Datos (www.agpd.es). <\/p>\n\n<h3>\u00bfPuede retirar su consentimiento si cambia de opini\u00f3n en un momento posterior? <\/h3>\n<p>Usted puede retirar su consentimiento si cambia de opini\u00f3n sobre el uso de sus datos en cualquier momento. <\/p>\n<p>As\u00ed por ejemplo, si usted en su d\u00eda estuvo interesado\/a en recibir publicidad de nuestros productos o servicios, pero ya no desea recibir m\u00e1s publicidad, puede hac\u00e9rnoslo constar a trav\u00e9s del formulario de oposici\u00f3n al tratmiento disponible en las oficinas de nuestra entidad. <\/p>\n\n<h3>En caso de que entienda que sus derechos han sido desatendidos, \u00bfd\u00f3nde puede formular una reclamaci\u00f3n? <\/h3>\n<p>En caso de que entienda que sus derechos han sido desatendidos por nuestra entidad, puede formular una reclamaci\u00f3n en la Agencia Espa\u00f1ola de Protecci\u00f3n de Datos, a trav\u00e9s de alguno de los medios siguientes: <\/p>\n<ul>\n<li>Sede electr\u00f3nica: www.agpd.es<\/li>\n<li>Direcci\u00f3n postal: Agencia Espa\u00f1ola de Protecci\u00f3n de Datos. C\/ Jorge Juan, 6 28001-Madrid \n<li>V\u00eda telef\u00f3nica: Telf. 901 100 099 | Telf. 91 266 35 17<\/li>\n<\/ul>\n\n<p>Formular una reclamaci\u00f3n en la Agencia Espa\u00f1ola de Protecci\u00f3n de Datos no conlleva ning\u00fan coste y no es necesaria la asistencia de abogado ni procurador. <\/p>\n\n<h3>\u00bfElaboraremos perfiles sobre usted? <\/h3>\n<p>Nuestra pol\u00edtica es no elaborar perfiles sobre los usuarios de nuestros servicios. <\/p>\n<p>No obstante, pueden existir situaciones en las que, con fines de prestaci\u00f3n del servicio, comerciales o de otro tipo, necesitemos elaborar perfiles de informaci\u00f3n sobre usted. Un ejemplo pudiera ser la utilizaci\u00f3n de su historial de compras o servicios para poder ofrecerle productos o servicios adaptados a sus gustos o necesidades. <\/p>\n<p>En tal caso, aplicaremos medidas de seguridad eficaces que protejan su informaci\u00f3n en todo momento de personas no autorizadas que pretendan utilizarla en su propio beneficio. <\/p>\n\n<h3>\u00bfUsaremos sus datos para otros fines? <\/h3>\n<p>Nuestra pol\u00edtica es no usar sus datos para otras finalidades distintas a las que le hemos explicado. Si, no obstante, necesit\u00e1semos usar sus datos para actividades distintas, siempre le solicitaremos previamente su permiso a trav\u00e9s de opciones claras que le permitir\u00e1n decidir al respecto. <\/p>\n<\/div>\n\n\n\n<div class=\"accordion\" rel=\"\">\n<div class=\"accordion-item\"><a href=\"#\" class=\"accordion-title plain\"><button class=\"toggle\"><i class=\"icon-angle-down\"><\/i><\/button><span>Antes de enviar, verifique nossa pol\u00edtica de privacidade<\/span><\/a><div class=\"accordion-inner\">\n<p style=\"font-size:80%;\">\n<strong>Responsable del tratamiento: <\/strong> HISPASOL RENOVABLES, S.L. <br \/>\n<strong>Direcci\u00f3n del responsable: <\/strong>CARRETERA DE ALANGE KM 1,8 (INSTALACIONES CASAMAYOSR LIBRADA), CP 06800, MERIDA (Badajoz)<br \/>\n<strong>Finalidad: <\/strong>Sus datos ser\u00e1n usados para poder atender sus solicitudes y prestarle nuestros servicios.<br \/>\n<strong>Publicidad: <\/strong>Solo le enviaremos publicidad con su autorizaci\u00f3n previa, que podr\u00e1 facilitarnos mediante la casilla correspondiente establecida al efecto.<br \/>\n<strong>Legitimizaci\u00f3n: <\/strong>\u00danicamente trataremos sus datos con su consentimiento previo, que podr\u00e1 facilitarnos mediante la casilla correspondiente establecida al efecto.<br \/>\n<strong>Destinatarios: <\/strong>Con car\u00e1cter general, s\u00f3lo el personal de nuestra entidad que est\u00e9 debidamente autorizado podr\u00e1 tener conocimiento de la informaci\u00f3n que le pedimos.<br \/>\n<strong>Derechos: <\/strong>Tiene derecho a saber qu\u00e9 informaci\u00f3n tenemos sobre usted, corregirla y eliminarla, tal y como se explica en la informaci\u00f3n adicional disponible en nuestra p\u00e1gina web.<br \/>\n<strong>Informaci\u00f3n adicional: <\/strong>M\u00e1s informaci\u00f3n en el apartado \u201cSUS DATOS SEGUROS\u201d de nuestra p\u00e1gina web.\n<\/p>\n<\/div><\/div>\n<\/div><\/li><li id=\"field_5_14\" class=\"gfield gfield_contains_required field_sublabel_below field_description_below gfield_visibility_visible\" ><label class='gfield_label screen-reader-text gfield_label_before_complex'  ><span class=\"gfield_required\"><span class=\"gfield_required gfield_required_asterisk\">*<\/span><\/span><\/label><div class='ginput_container ginput_container_checkbox'><ul class='gfield_checkbox' id='input_5_14'><li class='gchoice gchoice_5_14_1'>\n\t\t\t\t\t\t\t\t<input class='gfield-choice-input' name='input_14.1' type='checkbox'  value='Li e aceito as condi\u00e7\u00f5es detalhadas na &lt;a href=&quot;#politica&quot;&gt;pol\u00edtica de privacidade&lt;\/a&gt;.'  id='choice_5_14_1'   \/>\n\t\t\t\t\t\t\t\t<label for='choice_5_14_1' id='label_5_14_1'>Li e aceito as condi\u00e7\u00f5es detalhadas na <a href=\"#politica\">pol\u00edtica de privacidade<\/a>.<\/label>\n\t\t\t\t\t\t\t<\/li><\/ul><\/div><\/li><li id=\"field_5_21\" class=\"gfield gfield--width-full field_sublabel_below field_description_below gfield_visibility_visible\" ><label class='gfield_label screen-reader-text' for='input_5_21' ><\/label><div id='input_5_21' class='ginput_container ginput_recaptcha' data-sitekey='6LfWfoMrAAAAAPWboosUBU2quoqkJlopOH7aRaVM'  data-theme='light' data-tabindex='0'  data-badge=''><\/div><\/li><\/ul><\/div>\n        <div class='gform_footer top_label'> <input type='submit' id='gform_submit_button_5' class='gform_button button' value='Enviar'  onclick='if(window[\"gf_submitting_5\"]){return false;}  window[\"gf_submitting_5\"]=true;  ' onkeypress='if( event.keyCode == 13 ){ if(window[\"gf_submitting_5\"]){return false;} window[\"gf_submitting_5\"]=true;  jQuery(\"#gform_5\").trigger(\"submit\",[true]); }' \/> \n            <input type='hidden' class='gform_hidden' name='is_submit_5' value='1' \/>\n            <input type='hidden' class='gform_hidden' name='gform_submit' value='5' \/>\n            \n            <input type='hidden' class='gform_hidden' name='gform_unique_id' value='' \/>\n            <input type='hidden' class='gform_hidden' name='state_5' value='WyJbXSIsIjRlMzgxYmEyZjRmMjk3ZjJmNDVkOWUyYzQ2ZGFmOGJhIl0=' \/>\n            <input type='hidden' class='gform_hidden' name='gform_target_page_number_5' id='gform_target_page_number_5' value='0' \/>\n            <input type='hidden' class='gform_hidden' name='gform_source_page_number_5' id='gform_source_page_number_5' value='1' \/>\n            <input type='hidden' name='gform_field_values' value='' \/>\n            \n        <\/div>\n                        <\/form>\n                        <\/div>\n<\/div><\/div>\n\n<style scope=\"scope\">\n\n<\/style>\n<\/div>\n","protected":false},"excerpt":{"rendered":"","protected":false},"author":2,"featured_media":0,"parent":0,"menu_order":0,"comment_status":"closed","ping_status":"closed","template":"page-blank.php","meta":{"footnotes":""},"yst_prominent_words":[761,762,479,753,1042,1046,1043,460,1045,1044,752,759,745,764,763,758,750,765,760,751],"class_list":["post-2236","page","type-page","status-publish","hentry"],"_links":{"self":[{"href":"https:\/\/www.hispasolrenovables.com\/pt-pt\/wp-json\/wp\/v2\/pages\/2236","targetHints":{"allow":["GET"]}}],"collection":[{"href":"https:\/\/www.hispasolrenovables.com\/pt-pt\/wp-json\/wp\/v2\/pages"}],"about":[{"href":"https:\/\/www.hispasolrenovables.com\/pt-pt\/wp-json\/wp\/v2\/types\/page"}],"author":[{"embeddable":true,"href":"https:\/\/www.hispasolrenovables.com\/pt-pt\/wp-json\/wp\/v2\/users\/2"}],"replies":[{"embeddable":true,"href":"https:\/\/www.hispasolrenovables.com\/pt-pt\/wp-json\/wp\/v2\/comments?post=2236"}],"version-history":[{"count":3,"href":"https:\/\/www.hispasolrenovables.com\/pt-pt\/wp-json\/wp\/v2\/pages\/2236\/revisions"}],"predecessor-version":[{"id":2239,"href":"https:\/\/www.hispasolrenovables.com\/pt-pt\/wp-json\/wp\/v2\/pages\/2236\/revisions\/2239"}],"wp:attachment":[{"href":"https:\/\/www.hispasolrenovables.com\/pt-pt\/wp-json\/wp\/v2\/media?parent=2236"}],"wp:term":[{"taxonomy":"yst_prominent_words","embeddable":true,"href":"https:\/\/www.hispasolrenovables.com\/pt-pt\/wp-json\/wp\/v2\/yst_prominent_words?post=2236"}],"curies":[{"name":"wp","href":"https:\/\/api.w.org\/{rel}","templated":true}]}}